{"id":1550,"date":"2024-07-11T12:15:56","date_gmt":"2024-07-11T12:15:56","guid":{"rendered":"https:\/\/www.ariete-group.eu\/video\/"},"modified":"2024-08-01T12:59:27","modified_gmt":"2024-08-01T12:59:27","slug":"video","status":"publish","type":"page","link":"https:\/\/www.ariete-group.eu\/cs\/video\/","title":{"rendered":"Video"},"content":{"rendered":"\n\n  <div class=\"banner has-hover\" id=\"banner-1799032417\">\n          <div class=\"banner-inner fill\">\n        <div class=\"banner-bg fill\" >\n            <img loading=\"lazy\" decoding=\"async\" width=\"1024\" height=\"576\" src=\"https:\/\/www.ariete-group.eu\/wp-content\/uploads\/2024\/06\/ariete_aktivita_lisovani_header.webp\" class=\"bg attachment-original size-original\" alt=\"\" \/>                                    \n                    <\/div>\n\t\t\n        <div class=\"banner-layers container\">\n            <div class=\"fill banner-link\"><\/div>            \n\n\n        <\/div>\n      <\/div>\n\n            \n<style>\n#banner-1799032417 {\n  padding-top: 250px;\n}\n#banner-1799032417 .banner-bg img {\n  object-position: 66% 60%;\n}\n<\/style>\n  <\/div>\n\n\n\n\t<section class=\"section\" id=\"section_80578898\">\n\t\t<div class=\"section-bg fill\" >\n\t\t\t\t\t\t\t\t\t\n\t\t\t\n\n\t\t<\/div>\n\n\t\t\n\n\t\t<div class=\"section-content relative\">\n\t\t\t\n\n<div class=\"row\"  id=\"row-135457286\">\n\n\n\t<div id=\"col-796176131\" class=\"col mass-divider small-12 large-12\"  >\n\t\t\t\t<div class=\"col-inner\"  >\n\t\t\t\n\t\t\t\n\n\t<div id=\"text-4231747707\" class=\"text\">\n\t\t\n\n<h2>Videoprezentace aktivit skupiny ARIETE<br><\/h2>\n\n\t\t\n<style>\n#text-4231747707 {\n  font-size: 2.1rem;\n  color: rgb(128, 222, 255);\n}\n#text-4231747707 > * {\n  color: rgb(128, 222, 255);\n}\n<\/style>\n\t<\/div>\n\t\n<div class=\"is-divider divider clearfix\" style=\"max-width:80%;background-color:rgb(128, 222, 255);\"><\/div>\n\n\n\t\t<\/div>\n\t\t\t\t\t<\/div>\n\n\t\n\n<\/div>\n\n\t\t<\/div>\n\n\t\t\n<style>\n#section_80578898 {\n  padding-top: 30px;\n  padding-bottom: 30px;\n}\n<\/style>\n\t<\/section>\n\t\n\n\t<section class=\"section\" id=\"section_435463293\">\n\t\t<div class=\"section-bg fill\" >\n\t\t\t\t\t\t\t\t\t\n\t\t\t\n\n\t\t<\/div>\n\n\t\t\n\n\t\t<div class=\"section-content relative\">\n\t\t\t\n\n\t<div id=\"gap-286776390\" class=\"gap-element clearfix\" style=\"display:block; height:auto;\">\n\t\t\n<style>\n#gap-286776390 {\n  padding-top: 30px;\n}\n<\/style>\n\t<\/div>\n\t\n\n<div class=\"row\"  id=\"row-1929129059\">\n\n\n\t<div id=\"col-943616754\" class=\"col medium-12 small-12 large-12\"  >\n\t\t\t\t<div class=\"col-inner\"  >\n\t\t\t\n\t\t\t\n\n<div class=\"video video-fit mb\" style=\"padding-top:56.25%;\"><iframe loading=\"lazy\" title=\"Ariete 4K\" width=\"1020\" height=\"574\" src=\"https:\/\/www.youtube.com\/embed\/3QntxlIaRLs?feature=oembed\" frameborder=\"0\" allow=\"accelerometer; autoplay; clipboard-write; encrypted-media; gyroscope; picture-in-picture; web-share\" referrerpolicy=\"strict-origin-when-cross-origin\" allowfullscreen><\/iframe><\/div>\n\n\n\t\t<\/div>\n\t\t\t\t\t<\/div>\n\n\t\n\n<\/div>\n\n\t\t<\/div>\n\n\t\t\n<style>\n#section_435463293 {\n  padding-top: 30px;\n  padding-bottom: 30px;\n}\n@media (min-width:550px) {\n  #section_435463293 {\n    padding-top: 10px;\n    padding-bottom: 10px;\n  }\n}\n<\/style>\n\t<\/section>\n\t\n\n","protected":false},"excerpt":{"rendered":"","protected":false},"author":2,"featured_media":0,"parent":0,"menu_order":0,"comment_status":"closed","ping_status":"closed","template":"page-blank.php","meta":{"footnotes":""},"class_list":["post-1550","page","type-page","status-publish","hentry"],"yoast_head":"<!-- This site is optimized with the Yoast SEO plugin v26.6 - https:\/\/yoast.com\/wordpress\/plugins\/seo\/ -->\n<title>Video - Plastic Injection Moulding | Manufacturing Custom Solutions<\/title>\n<meta name=\"description\" content=\"Video - Vst\u0159ikov\u00e1n\u00ed plast\u016f | V\u00fdroba z\u00e1kaznick\u00fdch \u0159e\u0161en\u00ed Ariete Group\" \/>\n<meta name=\"robots\" content=\"index, follow, max-snippet:-1, max-image-preview:large, max-video-preview:-1\" \/>\n<link rel=\"canonical\" href=\"https:\/\/www.ariete-group.eu\/cs\/video\/\" \/>\n<meta property=\"og:locale\" content=\"cs_CZ\" \/>\n<meta property=\"og:type\" content=\"article\" \/>\n<meta property=\"og:title\" content=\"Video - Plastic Injection Moulding | Manufacturing Custom Solutions\" \/>\n<meta property=\"og:description\" content=\"Video - Vst\u0159ikov\u00e1n\u00ed plast\u016f | V\u00fdroba z\u00e1kaznick\u00fdch \u0159e\u0161en\u00ed Ariete Group\" \/>\n<meta property=\"og:url\" content=\"https:\/\/www.ariete-group.eu\/cs\/video\/\" \/>\n<meta property=\"og:site_name\" content=\"Plastic Injection Moulding | Manufacturing Custom Solutions\" \/>\n<meta property=\"article:modified_time\" content=\"2024-08-01T12:59:27+00:00\" \/>\n<meta name=\"twitter:card\" content=\"summary_large_image\" \/>\n<script type=\"application\/ld+json\" class=\"yoast-schema-graph\">{\"@context\":\"https:\/\/schema.org\",\"@graph\":[{\"@type\":\"WebPage\",\"@id\":\"https:\/\/www.ariete-group.eu\/cs\/video\/\",\"url\":\"https:\/\/www.ariete-group.eu\/cs\/video\/\",\"name\":\"Video - Plastic Injection Moulding | Manufacturing Custom Solutions\",\"isPartOf\":{\"@id\":\"https:\/\/www.ariete-group.eu\/cs\/#website\"},\"datePublished\":\"2024-07-11T12:15:56+00:00\",\"dateModified\":\"2024-08-01T12:59:27+00:00\",\"description\":\"Video - Vst\u0159ikov\u00e1n\u00ed plast\u016f | V\u00fdroba z\u00e1kaznick\u00fdch \u0159e\u0161en\u00ed Ariete Group\",\"breadcrumb\":{\"@id\":\"https:\/\/www.ariete-group.eu\/cs\/video\/#breadcrumb\"},\"inLanguage\":\"cs\",\"potentialAction\":[{\"@type\":\"ReadAction\",\"target\":[\"https:\/\/www.ariete-group.eu\/cs\/video\/\"]}]},{\"@type\":\"BreadcrumbList\",\"@id\":\"https:\/\/www.ariete-group.eu\/cs\/video\/#breadcrumb\",\"itemListElement\":[{\"@type\":\"ListItem\",\"position\":1,\"name\":\"Home\",\"item\":\"https:\/\/www.ariete-group.eu\/cs\/\"},{\"@type\":\"ListItem\",\"position\":2,\"name\":\"Video\"}]},{\"@type\":\"WebSite\",\"@id\":\"https:\/\/www.ariete-group.eu\/cs\/#website\",\"url\":\"https:\/\/www.ariete-group.eu\/cs\/\",\"name\":\"Plastic Injection Moulding | Manufacturing Custom Solutions\",\"description\":\"Automotive Components Manufacturing,  production assembly, and Logistics. Tool design, development and Manufacturing\",\"potentialAction\":[{\"@type\":\"SearchAction\",\"target\":{\"@type\":\"EntryPoint\",\"urlTemplate\":\"https:\/\/www.ariete-group.eu\/cs\/?s={search_term_string}\"},\"query-input\":{\"@type\":\"PropertyValueSpecification\",\"valueRequired\":true,\"valueName\":\"search_term_string\"}}],\"inLanguage\":\"cs\"}]}<\/script>\n<!-- \/ Yoast SEO plugin. -->","yoast_head_json":{"title":"Video - Plastic Injection Moulding | Manufacturing Custom Solutions","description":"Video - Vst\u0159ikov\u00e1n\u00ed plast\u016f | V\u00fdroba z\u00e1kaznick\u00fdch \u0159e\u0161en\u00ed Ariete Group","robots":{"index":"index","follow":"follow","max-snippet":"max-snippet:-1","max-image-preview":"max-image-preview:large","max-video-preview":"max-video-preview:-1"},"canonical":"https:\/\/www.ariete-group.eu\/cs\/video\/","og_locale":"cs_CZ","og_type":"article","og_title":"Video - Plastic Injection Moulding | Manufacturing Custom Solutions","og_description":"Video - Vst\u0159ikov\u00e1n\u00ed plast\u016f | V\u00fdroba z\u00e1kaznick\u00fdch \u0159e\u0161en\u00ed Ariete Group","og_url":"https:\/\/www.ariete-group.eu\/cs\/video\/","og_site_name":"Plastic Injection Moulding | Manufacturing Custom Solutions","article_modified_time":"2024-08-01T12:59:27+00:00","twitter_card":"summary_large_image","schema":{"@context":"https:\/\/schema.org","@graph":[{"@type":"WebPage","@id":"https:\/\/www.ariete-group.eu\/cs\/video\/","url":"https:\/\/www.ariete-group.eu\/cs\/video\/","name":"Video - Plastic Injection Moulding | Manufacturing Custom Solutions","isPartOf":{"@id":"https:\/\/www.ariete-group.eu\/cs\/#website"},"datePublished":"2024-07-11T12:15:56+00:00","dateModified":"2024-08-01T12:59:27+00:00","description":"Video - Vst\u0159ikov\u00e1n\u00ed plast\u016f | V\u00fdroba z\u00e1kaznick\u00fdch \u0159e\u0161en\u00ed Ariete Group","breadcrumb":{"@id":"https:\/\/www.ariete-group.eu\/cs\/video\/#breadcrumb"},"inLanguage":"cs","potentialAction":[{"@type":"ReadAction","target":["https:\/\/www.ariete-group.eu\/cs\/video\/"]}]},{"@type":"BreadcrumbList","@id":"https:\/\/www.ariete-group.eu\/cs\/video\/#breadcrumb","itemListElement":[{"@type":"ListItem","position":1,"name":"Home","item":"https:\/\/www.ariete-group.eu\/cs\/"},{"@type":"ListItem","position":2,"name":"Video"}]},{"@type":"WebSite","@id":"https:\/\/www.ariete-group.eu\/cs\/#website","url":"https:\/\/www.ariete-group.eu\/cs\/","name":"Plastic Injection Moulding | Manufacturing Custom Solutions","description":"Automotive Components Manufacturing,  production assembly, and Logistics. Tool design, development and Manufacturing","potentialAction":[{"@type":"SearchAction","target":{"@type":"EntryPoint","urlTemplate":"https:\/\/www.ariete-group.eu\/cs\/?s={search_term_string}"},"query-input":{"@type":"PropertyValueSpecification","valueRequired":true,"valueName":"search_term_string"}}],"inLanguage":"cs"}]}},"_links":{"self":[{"href":"https:\/\/www.ariete-group.eu\/cs\/wp-json\/wp\/v2\/pages\/1550","targetHints":{"allow":["GET"]}}],"collection":[{"href":"https:\/\/www.ariete-group.eu\/cs\/wp-json\/wp\/v2\/pages"}],"about":[{"href":"https:\/\/www.ariete-group.eu\/cs\/wp-json\/wp\/v2\/types\/page"}],"author":[{"embeddable":true,"href":"https:\/\/www.ariete-group.eu\/cs\/wp-json\/wp\/v2\/users\/2"}],"replies":[{"embeddable":true,"href":"https:\/\/www.ariete-group.eu\/cs\/wp-json\/wp\/v2\/comments?post=1550"}],"version-history":[{"count":0,"href":"https:\/\/www.ariete-group.eu\/cs\/wp-json\/wp\/v2\/pages\/1550\/revisions"}],"wp:attachment":[{"href":"https:\/\/www.ariete-group.eu\/cs\/wp-json\/wp\/v2\/media?parent=1550"}],"curies":[{"name":"wp","href":"https:\/\/api.w.org\/{rel}","templated":true}]}}