{"id":1595,"date":"2024-06-25T06:18:40","date_gmt":"2024-06-25T06:18:40","guid":{"rendered":"https:\/\/www.ariete-group.eu\/cinnost\/"},"modified":"2024-10-01T15:33:55","modified_gmt":"2024-10-01T15:33:55","slug":"cinnost","status":"publish","type":"page","link":"https:\/\/www.ariete-group.eu\/cs\/cinnost\/","title":{"rendered":"\u010dinnost"},"content":{"rendered":"\n\n  <div class=\"banner has-hover\" id=\"banner-231495539\">\n          <div class=\"banner-inner fill\">\n        <div class=\"banner-bg fill\" >\n            <img loading=\"lazy\" decoding=\"async\" width=\"1280\" height=\"960\" src=\"https:\/\/www.ariete-group.eu\/wp-content\/uploads\/2024\/07\/Pazardzhik_nove_logisticke_centrum_prubeh_03.webp\" class=\"bg attachment-original size-original\" alt=\"\" \/>                                    \n                    <\/div>\n\t\t\n        <div class=\"banner-layers container\">\n            <div class=\"fill banner-link\"><\/div>            \n\n\n        <\/div>\n      <\/div>\n\n            \n<style>\n#banner-231495539 {\n  padding-top: 250px;\n}\n#banner-231495539 .banner-bg img {\n  object-position: 71% 29%;\n}\n<\/style>\n  <\/div>\n\n\n\n\t<section class=\"section\" id=\"section_1271838323\">\n\t\t<div class=\"section-bg fill\" >\n\t\t\t\t\t\t\t\t\t\n\t\t\t\n\n\t\t<\/div>\n\n\t\t\n\n\t\t<div class=\"section-content relative\">\n\t\t\t\n\n<div class=\"row\"  id=\"row-1428498612\">\n\n\n\t<div id=\"col-793304023\" class=\"col small-12 large-12\"  >\n\t\t\t\t<div class=\"col-inner\"  >\n\t\t\t\n\t\t\t\n\n\n\n<span><span><a href=\"https:\/\/www.ariete-group.eu\/cs\/\">Home<\/a><\/span><\/span>\n\n\n\t\t<\/div>\n\t\t\t\t\t<\/div>\n\n\t\n\n\t<div id=\"col-1151815175\" class=\"col mass-divider small-12 large-12\"  >\n\t\t\t\t<div class=\"col-inner\"  >\n\t\t\t\n\t\t\t\n\n\t<div id=\"text-1664420358\" class=\"text\">\n\t\t\n\n<h2>\u010dinnost<\/h2>\n\t\t\n<style>\n#text-1664420358 {\n  font-size: 2.1rem;\n  color: rgb(128, 222, 255);\n}\n#text-1664420358 > * {\n  color: rgb(128, 222, 255);\n}\n<\/style>\n\t<\/div>\n\t\n<div class=\"is-divider divider clearfix\" style=\"max-width:450px;background-color:rgb(128, 222, 255);\"><\/div>\n\n\n\t\t<\/div>\n\t\t\t\t\t<\/div>\n\n\t\n\n<\/div>\n\n\t\t<\/div>\n\n\t\t\n<style>\n#section_1271838323 {\n  padding-top: 30px;\n  padding-bottom: 30px;\n}\n<\/style>\n\t<\/section>\n\t\n\n\t<section class=\"section\" id=\"section_315747510\">\n\t\t<div class=\"section-bg fill\" >\n\t\t\t\t\t\t\t\t\t\n\t\t\t\n\n\t\t<\/div>\n\n\t\t\n\n\t\t<div class=\"section-content relative\">\n\t\t\t\n\n\t<div id=\"gap-184892356\" class=\"gap-element clearfix\" style=\"display:block; height:auto;\">\n\t\t\n<style>\n#gap-184892356 {\n  padding-top: 30px;\n}\n<\/style>\n\t<\/div>\n\t\n\n<div class=\"row\"  id=\"row-974530370\">\n\n\n\t<div id=\"col-1993966897\" class=\"col medium-12 small-12 large-8\"  >\n\t\t\t\t<div class=\"col-inner\"  >\n\t\t\t\n\t\t\t\n\n\t<div class=\"img has-hover x md-x lg-x y md-y lg-y\" id=\"image_348029635\">\n\t\t<a class=\"image-lightbox lightbox-gallery\" title=\"\" href=\"https:\/\/www.ariete-group.eu\/wp-content\/uploads\/2024\/06\/ariete_aktivita_lisovani_header.webp\">\t\t\t\t\t\t<div class=\"img-inner dark\" >\n\t\t\t<img loading=\"lazy\" decoding=\"async\" width=\"1024\" height=\"576\" src=\"https:\/\/www.ariete-group.eu\/wp-content\/uploads\/2024\/06\/ariete_aktivita_lisovani_header.webp\" class=\"attachment-original size-original\" alt=\"\" srcset=\"https:\/\/www.ariete-group.eu\/wp-content\/uploads\/2024\/06\/ariete_aktivita_lisovani_header.webp 1024w, https:\/\/www.ariete-group.eu\/wp-content\/uploads\/2024\/06\/ariete_aktivita_lisovani_header-300x169.webp 300w, https:\/\/www.ariete-group.eu\/wp-content\/uploads\/2024\/06\/ariete_aktivita_lisovani_header-768x432.webp 768w\" sizes=\"auto, (max-width: 1024px) 100vw, 1024px\" \/>\t\t\t\t\t\t\n\t\t\t\t\t<\/div>\n\t\t\t\t\t\t<\/a>\t\t\n<style>\n#image_348029635 {\n  width: 100%;\n}\n<\/style>\n\t<\/div>\n\t\n\n\n\t\t<\/div>\n\t\t\t\t\t<\/div>\n\n\t\n\n<\/div>\n<div class=\"row align-right\"  id=\"row-2014241379\">\n\n\n\t<div id=\"col-574502609\" class=\"col medium-5 small-12 large-6\"  >\n\t\t\t\t<div class=\"col-inner text-center\" style=\"background-color:rgb(255,255,255);\" >\n\t\t\t\n\t<div class=\"is-border\"\n\t\tstyle=\"border-color:rgb(128, 222, 255);border-radius:17px;border-width:0px 0px 0px 5px;\">\n\t<\/div>\n\t\t\t\n\n\t<div id=\"text-1253773067\" class=\"text\">\n\t\t\n\n<h2><a class=\"custom-link\" href=\"https:\/\/www.ariete-group.eu\/cs\/cinnost\/lisovani-plastu\/\">Lisov\u00e1n\u00ed plast\u016f<br><br><\/a><\/h2>\n\n\t\t\n<style>\n#text-1253773067 {\n  font-size: 1.3rem;\n  color: #060e2d;\n}\n#text-1253773067 > * {\n  color: #060e2d;\n}\n<\/style>\n\t<\/div>\n\t\n\t<div id=\"text-4243072420\" class=\"text\">\n\t\t\n\n<p>Dynamick\u00e9 my\u0161len\u00ed out-of-the-box, flexibilita proces\u016f a nejmodern\u011bj\u0161\u00ed technologie.  <\/p>\n\t\t\n<style>\n#text-4243072420 {\n  font-size: 1.3rem;\n  text-align: left;\n  color: #060e2d;\n}\n#text-4243072420 > * {\n  color: #060e2d;\n}\n<\/style>\n\t<\/div>\n\t\n\n\t\t<\/div>\n\t\t\t\t\n<style>\n#col-574502609 > .col-inner {\n  padding: 8% 8% 5% 8%;\n  margin: -390px 0px 0px 0px;\n  border-radius: 17px;\n}\n<\/style>\n\t<\/div>\n\n\t\n\n<\/div>\n\n\t\t<\/div>\n\n\t\t\n<style>\n#section_315747510 {\n  padding-top: 30px;\n  padding-bottom: 30px;\n}\n@media (min-width:550px) {\n  #section_315747510 {\n    padding-top: 10px;\n    padding-bottom: 10px;\n  }\n}\n<\/style>\n\t<\/section>\n\t\n\n\t<section class=\"section\" id=\"section_254948579\">\n\t\t<div class=\"section-bg fill\" >\n\t\t\t\t\t\t\t\t\t\n\t\t\t\n\n\t\t<\/div>\n\n\t\t\n\n\t\t<div class=\"section-content relative\">\n\t\t\t\n\n\t<div id=\"gap-1288703960\" class=\"gap-element clearfix\" style=\"display:block; height:auto;\">\n\t\t\n<style>\n#gap-1288703960 {\n  padding-top: 30px;\n}\n<\/style>\n\t<\/div>\n\t\n\n<div class=\"row\"  id=\"row-483247116\">\n\n\n\t<div id=\"col-1748516895\" class=\"col medium-12 small-12 large-5\"  >\n\t\t\t\t<div class=\"col-inner text-center\"  >\n\t\t\t\n\t<div class=\"is-border\"\n\t\tstyle=\"border-color:rgb(128, 222, 255);border-radius:17px;border-width:0px 5px 0px 0px;\">\n\t<\/div>\n\t\t\t\n\n\t<div id=\"text-326259306\" class=\"text\">\n\t\t\n\n<h2 style=\"text-align: center;\"><a class=\"custom-link\" href=\"https:\/\/www.ariete-group.eu\/cs\/cinnost\/vyrobni-montaze\/\">V\u00fdrobn\u00ed mont\u00e1\u017ee<\/a><\/h2>\n\t\t\n<style>\n#text-326259306 {\n  font-size: 1.3rem;\n  text-align: right;\n  color: #060e2d;\n}\n#text-326259306 > * {\n  color: #060e2d;\n}\n<\/style>\n\t<\/div>\n\t\n\t<div id=\"text-2413566167\" class=\"text\">\n\t\t\n\n<p>Sofistikovan\u00e9, efektivn\u00ed a optimalizovan\u00e9 \u0159e\u0161en\u00ed \u0161irok\u00e9 \u0161k\u00e1ly v\u00fdrobn\u00edch mont\u00e1\u017e\u00ed.<\/p>\n\t\t\n<style>\n#text-2413566167 {\n  font-size: 1.3rem;\n  text-align: left;\n  color: #060e2d;\n}\n#text-2413566167 > * {\n  color: #060e2d;\n}\n<\/style>\n\t<\/div>\n\t\n\n\t\t<\/div>\n\t\t\t\t\n<style>\n#col-1748516895 > .col-inner {\n  padding: 7% 8% 5% 8%;\n  margin: -50px 0 0px 0px;\n}\n@media (min-width:550px) {\n  #col-1748516895 > .col-inner {\n    padding: 6% 8% 5% 8%;\n  }\n}\n@media (min-width:850px) {\n  #col-1748516895 > .col-inner {\n    padding: 8% 8% 5% 8%;\n    margin: 50px 0px 0px 0px;\n  }\n}\n<\/style>\n\t<\/div>\n\n\t\n\n\t<div id=\"col-444929579\" class=\"col medium-12 small-12 large-7\"  >\n\t\t\t\t<div class=\"col-inner text-right\"  >\n\t\t\t\n\t\t\t\n\n\t<div class=\"img has-hover x md-x lg-x y md-y lg-y\" id=\"image_1296086318\">\n\t\t\t\t\t\t\t\t<div class=\"img-inner image-cover dark\" style=\"padding-top:450px;\">\n\t\t\t<img loading=\"lazy\" decoding=\"async\" width=\"1024\" height=\"684\" src=\"https:\/\/www.ariete-group.eu\/wp-content\/uploads\/2024\/07\/ariete_group_production_assembly_header.webp\" class=\"attachment-original size-original\" alt=\"\" srcset=\"https:\/\/www.ariete-group.eu\/wp-content\/uploads\/2024\/07\/ariete_group_production_assembly_header.webp 1024w, https:\/\/www.ariete-group.eu\/wp-content\/uploads\/2024\/07\/ariete_group_production_assembly_header-300x200.webp 300w, https:\/\/www.ariete-group.eu\/wp-content\/uploads\/2024\/07\/ariete_group_production_assembly_header-768x513.webp 768w\" sizes=\"auto, (max-width: 1024px) 100vw, 1024px\" \/>\t\t\t\t\t\t\n\t\t\t\t\t<\/div>\n\t\t\t\t\t\t\t\t\n<style>\n#image_1296086318 {\n  width: 100%;\n}\n<\/style>\n\t<\/div>\n\t\n\n\n\t\t<\/div>\n\t\t\t\t\t<\/div>\n\n\t\n\n<\/div>\n\n\t\t<\/div>\n\n\t\t\n<style>\n#section_254948579 {\n  padding-top: 30px;\n  padding-bottom: 30px;\n  background-color: rgb(255,255,255);\n}\n@media (min-width:550px) {\n  #section_254948579 {\n    padding-top: 50px;\n    padding-bottom: 50px;\n  }\n}\n<\/style>\n\t<\/section>\n\t\n\n\t<section class=\"section\" id=\"section_973584326\">\n\t\t<div class=\"section-bg fill\" >\n\t\t\t\t\t\t\t\t\t\n\t\t\t\n\n\t\t<\/div>\n\n\t\t\n\n\t\t<div class=\"section-content relative\">\n\t\t\t\n\n\t<div id=\"gap-956958292\" class=\"gap-element clearfix\" style=\"display:block; height:auto;\">\n\t\t\n<style>\n#gap-956958292 {\n  padding-top: 30px;\n}\n<\/style>\n\t<\/div>\n\t\n\n<div class=\"row\"  id=\"row-1677863460\">\n\n\n\t<div id=\"col-1243558203\" class=\"col medium-12 small-12 large-8\"  >\n\t\t\t\t<div class=\"col-inner\"  >\n\t\t\t\n\t\t\t\n\n\t<div class=\"img has-hover x md-x lg-x y md-y lg-y\" id=\"image_1192640646\">\n\t\t<a class=\"image-lightbox lightbox-gallery\" title=\"\" href=\"https:\/\/www.ariete-group.eu\/wp-content\/uploads\/2024\/07\/ariete_group_facility_in_Pazardzhik_Bulgaria_02.webp\">\t\t\t\t\t\t<div class=\"img-inner dark\" >\n\t\t\t<img loading=\"lazy\" decoding=\"async\" width=\"762\" height=\"509\" src=\"https:\/\/www.ariete-group.eu\/wp-content\/uploads\/2024\/07\/ariete_group_facility_in_Pazardzhik_Bulgaria_02.webp\" class=\"attachment-original size-original\" alt=\"\" srcset=\"https:\/\/www.ariete-group.eu\/wp-content\/uploads\/2024\/07\/ariete_group_facility_in_Pazardzhik_Bulgaria_02.webp 762w, https:\/\/www.ariete-group.eu\/wp-content\/uploads\/2024\/07\/ariete_group_facility_in_Pazardzhik_Bulgaria_02-300x200.webp 300w\" sizes=\"auto, (max-width: 762px) 100vw, 762px\" \/>\t\t\t\t\t\t\n\t\t\t\t\t<\/div>\n\t\t\t\t\t\t<\/a>\t\t\n<style>\n#image_1192640646 {\n  width: 100%;\n}\n<\/style>\n\t<\/div>\n\t\n\n\n\t\t<\/div>\n\t\t\t\t\t<\/div>\n\n\t\n\n<\/div>\n<div class=\"row align-right\"  id=\"row-883341240\">\n\n\n\t<div id=\"col-395981607\" class=\"col medium-5 small-12 large-6\"  >\n\t\t\t\t<div class=\"col-inner text-center\" style=\"background-color:rgb(255,255,255);\" >\n\t\t\t\n\t<div class=\"is-border\"\n\t\tstyle=\"border-color:rgb(128, 222, 255);border-radius:17px;border-width:0px 0px 0px 5px;\">\n\t<\/div>\n\t\t\t\n\n\t<div id=\"text-3267040314\" class=\"text\">\n\t\t\n\n<h2><a class=\"custom-link\" href=\"https:\/\/www.ariete-group.eu\/cs\/cinnost\/logistika\/\">Logistika<\/a><\/h2>\n\n\t\t\n<style>\n#text-3267040314 {\n  font-size: 1.3rem;\n  color: #060e2d;\n}\n#text-3267040314 > * {\n  color: #060e2d;\n}\n<\/style>\n\t<\/div>\n\t\n\t<div id=\"text-3595057831\" class=\"text\">\n\t\t\n\n<p>Ch\u00e1peme, \u017ee pro budouc\u00ed \u00fasp\u011bch mnoha v\u00fdznamn\u00fdch v\u00fdrobn\u00edch \u010di obchodn\u00edch spole\u010dnost\u00ed je kl\u00ed\u010dem perfektn\u011b zvl\u00e1dnut\u00e1 logistika.<\/p>\n\t\t\n<style>\n#text-3595057831 {\n  font-size: 1.3rem;\n  text-align: left;\n  color: #060e2d;\n}\n#text-3595057831 > * {\n  color: #060e2d;\n}\n<\/style>\n\t<\/div>\n\t\n\n\t\t<\/div>\n\t\t\t\t\n<style>\n#col-395981607 > .col-inner {\n  padding: 8% 8% 5% 8%;\n  margin: -390px 0px 0px 0px;\n  border-radius: 17px;\n}\n<\/style>\n\t<\/div>\n\n\t\n\n<\/div>\n\n\t\t<\/div>\n\n\t\t\n<style>\n#section_973584326 {\n  padding-top: 30px;\n  padding-bottom: 30px;\n}\n@media (min-width:550px) {\n  #section_973584326 {\n    padding-top: 10px;\n    padding-bottom: 10px;\n  }\n}\n<\/style>\n\t<\/section>\n\t\n\n\t<section class=\"section\" id=\"section_1912654370\">\n\t\t<div class=\"section-bg fill\" >\n\t\t\t\t\t\t\t\t\t\n\t\t\t\n\n\t\t<\/div>\n\n\t\t\n\n\t\t<div class=\"section-content relative\">\n\t\t\t\n\n\t<div id=\"gap-294996820\" class=\"gap-element clearfix\" style=\"display:block; height:auto;\">\n\t\t\n<style>\n#gap-294996820 {\n  padding-top: 30px;\n}\n<\/style>\n\t<\/div>\n\t\n\n<div class=\"row\"  id=\"row-1633951442\">\n\n\n\t<div id=\"col-312150561\" class=\"col medium-12 small-12 large-5\"  >\n\t\t\t\t<div class=\"col-inner text-center\"  >\n\t\t\t\n\t<div class=\"is-border\"\n\t\tstyle=\"border-color:rgb(128, 222, 255);border-radius:17px;border-width:0px 5px 0px 0px;\">\n\t<\/div>\n\t\t\t\n\n\t<div id=\"text-2136402867\" class=\"text\">\n\t\t\n\n<h2 style=\"text-align: center;\"><a class=\"custom-link\" href=\"https:\/\/www.ariete-group.eu\/cs\/cinnost\/personalistika\/\">Personalistika<\/a><\/h2>\n\t\t\n<style>\n#text-2136402867 {\n  font-size: 1.3rem;\n  text-align: right;\n  color: #060e2d;\n}\n#text-2136402867 > * {\n  color: #060e2d;\n}\n<\/style>\n\t<\/div>\n\t\n\t<div id=\"text-3679003260\" class=\"text\">\n\t\t\n\n<p>Jsme si dob\u0159e v\u011bdomi toho, \u017ee dne\u0161n\u00ed spole\u010dnosti se mus\u00ed rychle a pru\u017en\u011b p\u0159izp\u016fsobovat po\u017eadavk\u016fm trhu a \u017ee jsou \u010dasto omezeny lidsk\u00fdmi zdroji.  <\/p>\n\t\t\n<style>\n#text-3679003260 {\n  font-size: 1.3rem;\n  text-align: left;\n  color: #060e2d;\n}\n#text-3679003260 > * {\n  color: #060e2d;\n}\n<\/style>\n\t<\/div>\n\t\n\n\t\t<\/div>\n\t\t\t\t\n<style>\n#col-312150561 > .col-inner {\n  padding: 7% 8% 5% 8%;\n  margin: -50px 0 0px 0px;\n}\n@media (min-width:550px) {\n  #col-312150561 > .col-inner {\n    padding: 6% 8% 5% 8%;\n  }\n}\n@media (min-width:850px) {\n  #col-312150561 > .col-inner {\n    padding: 8% 8% 5% 8%;\n    margin: 50px 0px 0px 0px;\n  }\n}\n<\/style>\n\t<\/div>\n\n\t\n\n\t<div id=\"col-1635952669\" class=\"col medium-12 small-12 large-7\"  >\n\t\t\t\t<div class=\"col-inner text-right\"  >\n\t\t\t\n\t\t\t\n\n\t<div class=\"img has-hover x md-x lg-x y md-y lg-y\" id=\"image_1220796196\">\n\t\t\t\t\t\t\t\t<div class=\"img-inner image-cover dark\" style=\"padding-top:450px;\">\n\t\t\t<img loading=\"lazy\" decoding=\"async\" width=\"1000\" height=\"654\" src=\"https:\/\/www.ariete-group.eu\/wp-content\/uploads\/2024\/07\/ariete_personal_ilustrace.webp\" class=\"attachment-original size-original\" alt=\"\" srcset=\"https:\/\/www.ariete-group.eu\/wp-content\/uploads\/2024\/07\/ariete_personal_ilustrace.webp 1000w, https:\/\/www.ariete-group.eu\/wp-content\/uploads\/2024\/07\/ariete_personal_ilustrace-300x196.webp 300w, https:\/\/www.ariete-group.eu\/wp-content\/uploads\/2024\/07\/ariete_personal_ilustrace-768x502.webp 768w\" sizes=\"auto, (max-width: 1000px) 100vw, 1000px\" \/>\t\t\t\t\t\t\n\t\t\t\t\t<\/div>\n\t\t\t\t\t\t\t\t\n<style>\n#image_1220796196 {\n  width: 100%;\n}\n<\/style>\n\t<\/div>\n\t\n\n\n\t\t<\/div>\n\t\t\t\t\t<\/div>\n\n\t\n\n<\/div>\n\n\t\t<\/div>\n\n\t\t\n<style>\n#section_1912654370 {\n  padding-top: 30px;\n  padding-bottom: 30px;\n  background-color: rgb(255,255,255);\n}\n@media (min-width:550px) {\n  #section_1912654370 {\n    padding-top: 50px;\n    padding-bottom: 50px;\n  }\n}\n<\/style>\n\t<\/section>\n\t\n\n","protected":false},"excerpt":{"rendered":"","protected":false},"author":2,"featured_media":0,"parent":0,"menu_order":0,"comment_status":"closed","ping_status":"closed","template":"page-blank.php","meta":{"footnotes":""},"class_list":["post-1595","page","type-page","status-publish","hentry"],"yoast_head":"<!-- This site is optimized with the Yoast SEO plugin v26.6 - https:\/\/yoast.com\/wordpress\/plugins\/seo\/ -->\n<title>V\u00fdroba vst\u0159ikov\u00e1n\u00ed plast\u016f, mont\u00e1\u017e v\u00fdroby a logistika<\/title>\n<meta name=\"description\" content=\"Nab\u00edz\u00edme kompletn\u00ed \u0159e\u0161en\u00ed od vst\u0159ikov\u00e1n\u00ed plast\u016f, v\u00fdroby p\u0159es v\u00fdrobn\u00ed mont\u00e1\u017e, sklad a logistiku - Ariete Group.\" \/>\n<meta name=\"robots\" content=\"index, follow, max-snippet:-1, max-image-preview:large, max-video-preview:-1\" \/>\n<link rel=\"canonical\" href=\"https:\/\/www.ariete-group.eu\/cs\/cinnost\/\" \/>\n<meta property=\"og:locale\" content=\"cs_CZ\" \/>\n<meta property=\"og:type\" content=\"article\" \/>\n<meta property=\"og:title\" content=\"V\u00fdroba vst\u0159ikov\u00e1n\u00ed plast\u016f, mont\u00e1\u017e v\u00fdroby a logistika\" \/>\n<meta property=\"og:description\" content=\"Nab\u00edz\u00edme kompletn\u00ed \u0159e\u0161en\u00ed od vst\u0159ikov\u00e1n\u00ed plast\u016f, v\u00fdroby p\u0159es v\u00fdrobn\u00ed mont\u00e1\u017e, sklad a logistiku - Ariete Group.\" \/>\n<meta property=\"og:url\" content=\"https:\/\/www.ariete-group.eu\/cs\/cinnost\/\" \/>\n<meta property=\"og:site_name\" content=\"Plastic Injection Moulding | Manufacturing Custom Solutions\" \/>\n<meta property=\"article:modified_time\" content=\"2024-10-01T15:33:55+00:00\" \/>\n<meta name=\"twitter:card\" content=\"summary_large_image\" \/>\n<meta name=\"twitter:label1\" content=\"Odhadovan\u00e1 doba \u010dten\u00ed\" \/>\n\t<meta name=\"twitter:data1\" content=\"3 minuty\" \/>\n<script type=\"application\/ld+json\" class=\"yoast-schema-graph\">{\"@context\":\"https:\/\/schema.org\",\"@graph\":[{\"@type\":\"WebPage\",\"@id\":\"https:\/\/www.ariete-group.eu\/cs\/cinnost\/\",\"url\":\"https:\/\/www.ariete-group.eu\/cs\/cinnost\/\",\"name\":\"V\u00fdroba vst\u0159ikov\u00e1n\u00ed plast\u016f, mont\u00e1\u017e v\u00fdroby a logistika\",\"isPartOf\":{\"@id\":\"https:\/\/www.ariete-group.eu\/cs\/#website\"},\"datePublished\":\"2024-06-25T06:18:40+00:00\",\"dateModified\":\"2024-10-01T15:33:55+00:00\",\"description\":\"Nab\u00edz\u00edme kompletn\u00ed \u0159e\u0161en\u00ed od vst\u0159ikov\u00e1n\u00ed plast\u016f, v\u00fdroby p\u0159es v\u00fdrobn\u00ed mont\u00e1\u017e, sklad a logistiku - Ariete Group.\",\"breadcrumb\":{\"@id\":\"https:\/\/www.ariete-group.eu\/cs\/cinnost\/#breadcrumb\"},\"inLanguage\":\"cs\",\"potentialAction\":[{\"@type\":\"ReadAction\",\"target\":[\"https:\/\/www.ariete-group.eu\/cs\/cinnost\/\"]}]},{\"@type\":\"BreadcrumbList\",\"@id\":\"https:\/\/www.ariete-group.eu\/cs\/cinnost\/#breadcrumb\",\"itemListElement\":[{\"@type\":\"ListItem\",\"position\":1,\"name\":\"Home\",\"item\":\"https:\/\/www.ariete-group.eu\/cs\/\"},{\"@type\":\"ListItem\",\"position\":2,\"name\":\"\u010dinnost\"}]},{\"@type\":\"WebSite\",\"@id\":\"https:\/\/www.ariete-group.eu\/cs\/#website\",\"url\":\"https:\/\/www.ariete-group.eu\/cs\/\",\"name\":\"Plastic Injection Moulding | Manufacturing Custom Solutions\",\"description\":\"Automotive Components Manufacturing,  production assembly, and Logistics. Tool design, development and Manufacturing\",\"potentialAction\":[{\"@type\":\"SearchAction\",\"target\":{\"@type\":\"EntryPoint\",\"urlTemplate\":\"https:\/\/www.ariete-group.eu\/cs\/?s={search_term_string}\"},\"query-input\":{\"@type\":\"PropertyValueSpecification\",\"valueRequired\":true,\"valueName\":\"search_term_string\"}}],\"inLanguage\":\"cs\"}]}<\/script>\n<!-- \/ Yoast SEO plugin. -->","yoast_head_json":{"title":"V\u00fdroba vst\u0159ikov\u00e1n\u00ed plast\u016f, mont\u00e1\u017e v\u00fdroby a logistika","description":"Nab\u00edz\u00edme kompletn\u00ed \u0159e\u0161en\u00ed od vst\u0159ikov\u00e1n\u00ed plast\u016f, v\u00fdroby p\u0159es v\u00fdrobn\u00ed mont\u00e1\u017e, sklad a logistiku - Ariete Group.","robots":{"index":"index","follow":"follow","max-snippet":"max-snippet:-1","max-image-preview":"max-image-preview:large","max-video-preview":"max-video-preview:-1"},"canonical":"https:\/\/www.ariete-group.eu\/cs\/cinnost\/","og_locale":"cs_CZ","og_type":"article","og_title":"V\u00fdroba vst\u0159ikov\u00e1n\u00ed plast\u016f, mont\u00e1\u017e v\u00fdroby a logistika","og_description":"Nab\u00edz\u00edme kompletn\u00ed \u0159e\u0161en\u00ed od vst\u0159ikov\u00e1n\u00ed plast\u016f, v\u00fdroby p\u0159es v\u00fdrobn\u00ed mont\u00e1\u017e, sklad a logistiku - Ariete Group.","og_url":"https:\/\/www.ariete-group.eu\/cs\/cinnost\/","og_site_name":"Plastic Injection Moulding | Manufacturing Custom Solutions","article_modified_time":"2024-10-01T15:33:55+00:00","twitter_card":"summary_large_image","twitter_misc":{"Odhadovan\u00e1 doba \u010dten\u00ed":"3 minuty"},"schema":{"@context":"https:\/\/schema.org","@graph":[{"@type":"WebPage","@id":"https:\/\/www.ariete-group.eu\/cs\/cinnost\/","url":"https:\/\/www.ariete-group.eu\/cs\/cinnost\/","name":"V\u00fdroba vst\u0159ikov\u00e1n\u00ed plast\u016f, mont\u00e1\u017e v\u00fdroby a logistika","isPartOf":{"@id":"https:\/\/www.ariete-group.eu\/cs\/#website"},"datePublished":"2024-06-25T06:18:40+00:00","dateModified":"2024-10-01T15:33:55+00:00","description":"Nab\u00edz\u00edme kompletn\u00ed \u0159e\u0161en\u00ed od vst\u0159ikov\u00e1n\u00ed plast\u016f, v\u00fdroby p\u0159es v\u00fdrobn\u00ed mont\u00e1\u017e, sklad a logistiku - Ariete Group.","breadcrumb":{"@id":"https:\/\/www.ariete-group.eu\/cs\/cinnost\/#breadcrumb"},"inLanguage":"cs","potentialAction":[{"@type":"ReadAction","target":["https:\/\/www.ariete-group.eu\/cs\/cinnost\/"]}]},{"@type":"BreadcrumbList","@id":"https:\/\/www.ariete-group.eu\/cs\/cinnost\/#breadcrumb","itemListElement":[{"@type":"ListItem","position":1,"name":"Home","item":"https:\/\/www.ariete-group.eu\/cs\/"},{"@type":"ListItem","position":2,"name":"\u010dinnost"}]},{"@type":"WebSite","@id":"https:\/\/www.ariete-group.eu\/cs\/#website","url":"https:\/\/www.ariete-group.eu\/cs\/","name":"Plastic Injection Moulding | Manufacturing Custom Solutions","description":"Automotive Components Manufacturing,  production assembly, and Logistics. Tool design, development and Manufacturing","potentialAction":[{"@type":"SearchAction","target":{"@type":"EntryPoint","urlTemplate":"https:\/\/www.ariete-group.eu\/cs\/?s={search_term_string}"},"query-input":{"@type":"PropertyValueSpecification","valueRequired":true,"valueName":"search_term_string"}}],"inLanguage":"cs"}]}},"_links":{"self":[{"href":"https:\/\/www.ariete-group.eu\/cs\/wp-json\/wp\/v2\/pages\/1595","targetHints":{"allow":["GET"]}}],"collection":[{"href":"https:\/\/www.ariete-group.eu\/cs\/wp-json\/wp\/v2\/pages"}],"about":[{"href":"https:\/\/www.ariete-group.eu\/cs\/wp-json\/wp\/v2\/types\/page"}],"author":[{"embeddable":true,"href":"https:\/\/www.ariete-group.eu\/cs\/wp-json\/wp\/v2\/users\/2"}],"replies":[{"embeddable":true,"href":"https:\/\/www.ariete-group.eu\/cs\/wp-json\/wp\/v2\/comments?post=1595"}],"version-history":[{"count":0,"href":"https:\/\/www.ariete-group.eu\/cs\/wp-json\/wp\/v2\/pages\/1595\/revisions"}],"wp:attachment":[{"href":"https:\/\/www.ariete-group.eu\/cs\/wp-json\/wp\/v2\/media?parent=1595"}],"curies":[{"name":"wp","href":"https:\/\/api.w.org\/{rel}","templated":true}]}}