{"id":1597,"date":"2024-07-11T07:47:08","date_gmt":"2024-07-11T07:47:08","guid":{"rendered":"https:\/\/www.ariete-group.eu\/knihovna-dokumentu\/"},"modified":"2025-10-06T06:39:42","modified_gmt":"2025-10-06T06:39:42","slug":"knihovna-dokumentu","status":"publish","type":"page","link":"https:\/\/www.ariete-group.eu\/cs\/knihovna-dokumentu\/","title":{"rendered":"Pro partnery"},"content":{"rendered":"\n\n  <div class=\"banner has-hover\" id=\"banner-65809110\">\n          <div class=\"banner-inner fill\">\n        <div class=\"banner-bg fill\" >\n            <img loading=\"lazy\" decoding=\"async\" width=\"1024\" height=\"576\" src=\"https:\/\/www.ariete-group.eu\/wp-content\/uploads\/2024\/06\/ariete_aktivita_lisovani_header.webp\" class=\"bg attachment-original size-original\" alt=\"\" \/>                                    \n                    <\/div>\n\t\t\n        <div class=\"banner-layers container\">\n            <div class=\"fill banner-link\"><\/div>            \n\n\n        <\/div>\n      <\/div>\n\n            \n<style>\n#banner-65809110 {\n  padding-top: 250px;\n}\n#banner-65809110 .banner-bg img {\n  object-position: 66% 60%;\n}\n<\/style>\n  <\/div>\n\n\n\n\t<section class=\"section\" id=\"section_1750351162\">\n\t\t<div class=\"section-bg fill\" >\n\t\t\t\t\t\t\t\t\t\n\t\t\t\n\n\t\t<\/div>\n\n\t\t\n\n\t\t<div class=\"section-content relative\">\n\t\t\t\n\n<div class=\"row\"  id=\"row-17206689\">\n\n\n\t<div id=\"col-2104377244\" class=\"col small-12 large-12\"  >\n\t\t\t\t<div class=\"col-inner\"  >\n\t\t\t\n\t\t\t\n\n\n\n<span><span><a href=\"https:\/\/www.ariete-group.eu\/cs\/\">Home<\/a><\/span><\/span>\n\n\n\t\t<\/div>\n\t\t\t\t\t<\/div>\n\n\t\n\n\t<div id=\"col-498458930\" class=\"col mass-divider small-12 large-12\"  >\n\t\t\t\t<div class=\"col-inner text-shadow-1\"  >\n\t\t\t\n\t\t\t\n\n\t<div id=\"text-4059399415\" class=\"text\">\n\t\t\n\n<h2>Pro partnery<\/h2>\n\t\t\n<style>\n#text-4059399415 {\n  font-size: 2.1rem;\n  color: rgb(128, 222, 255);\n}\n#text-4059399415 > * {\n  color: rgb(128, 222, 255);\n}\n<\/style>\n\t<\/div>\n\t\n<div class=\"is-divider divider clearfix\" style=\"max-width:420px;background-color:rgb(128, 222, 255);\"><\/div>\n\n\n\t\t<\/div>\n\t\t\t\t\t<\/div>\n\n\t\n\n<\/div>\n<div class=\"row\"  id=\"row-1642543716\">\n\n\n\n\t<div id=\"col-1246694564\" class=\"col small-12 large-12\"  >\n\t\t\t\t<div class=\"col-inner text-shadow-1\"  >\n\t\t\t\n\t\t\t\n\n<div class=\"row\"  id=\"row-1309559159\">\n\n\n\t<div id=\"col-251768874\" class=\"col medium-5 small-6 large-5\"  >\n\t\t\t\t<div class=\"col-inner\"  >\n\t\t\t\n\t\t\t\n\n\t<div id=\"text-4219164168\" class=\"text\">\n\t\t\n\n<h2>Politika kvality<\/h2>\n\t\t\n<style>\n#text-4219164168 {\n  color: #060e2d;\n}\n#text-4219164168 > * {\n  color: #060e2d;\n}\n<\/style>\n\t<\/div>\n\t\n\n\t\t<\/div>\n\t\t\t\t\t<\/div>\n\n\t\n\n\t<div id=\"col-577565314\" class=\"col medium-2 small-6 large-2\"  >\n\t\t\t\t<div class=\"col-inner\"  >\n\t\t\t\n\t\t\t\n\n<a href=\"\/wp-content\/uploads\/2024\/07\/\u041f\u043e\u043b\u0438\u0442\u0438\u043a\u0430-\u043f\u043e-\u043a\u0430\u0447\u0435\u0441\u0432\u0442\u043e-EN.pdf\" target=\"_blank\" class=\"button primary expand\" rel=\"noopener\"  >\n\t\t<span>Sta\u017een\u00ed EN<\/span>\n\t<i class=\"icon-angle-down\" aria-hidden=\"true\" ><\/i><\/a>\n\n\n\n\t\t<\/div>\n\t\t\t\t\t<\/div>\n\n\t\n\n\t<div id=\"col-1689327078\" class=\"col medium-2 small-6 large-2\"  >\n\t\t\t\t<div class=\"col-inner\"  >\n\t\t\t\n\t\t\t\n\n<a href=\"\/wp-content\/uploads\/2024\/07\/\u041f\u043e\u043b\u0438\u0442\u0438\u043a\u0430-\u043f\u043e-\u043a\u0430\u0447\u0435\u0441\u0442\u0432\u043e-CZ.pdf\" target=\"_blank\" class=\"button primary expand\" rel=\"noopener\"  >\n\t\t<span>Sta\u017een\u00ed CZ<\/span>\n\t<i class=\"icon-angle-down\" aria-hidden=\"true\" ><\/i><\/a>\n\n\n\n\t\t<\/div>\n\t\t\t\t\t<\/div>\n\n\t\n\n\t<div id=\"col-1699827921\" class=\"col medium-2 small-6 large-2\"  >\n\t\t\t\t<div class=\"col-inner\"  >\n\t\t\t\n\t\t\t\n\n<a href=\"\/wp-content\/uploads\/2024\/07\/\u041f\u043e\u043b\u0438\u0442\u0438\u043a\u0430-\u043f\u043e-\u043a\u0430\u0447\u0435\u0441\u0442\u0432\u043e.pdf\" target=\"_blank\" class=\"button primary expand\" rel=\"noopener\"  >\n\t\t<span>Sta\u017een\u00ed BG<\/span>\n\t<i class=\"icon-angle-down\" aria-hidden=\"true\" ><\/i><\/a>\n\n\n\n\t\t<\/div>\n\t\t\t\t\t<\/div>\n\n\t\n\n<\/div>\n\n\t\t<\/div>\n\t\t\t\t\n<style>\n#col-1246694564 > .col-inner {\n  border-radius: 20px;\n}\n<\/style>\n\t<\/div>\n\n\t\n\n\n<style>\n#row-1642543716 > .col > .col-inner {\n  padding: 20px 0px 1px 10px;\n  background-color: rgb(255,255,255);\n}\n<\/style>\n<\/div>\n<div class=\"row\"  id=\"row-46362041\">\n\n\n\n\t<div id=\"col-1731373030\" class=\"col small-12 large-12\"  >\n\t\t\t\t<div class=\"col-inner text-shadow-1\"  >\n\t\t\t\n\t\t\t\n\n<div class=\"row\"  id=\"row-1531100568\">\n\n\n\t<div id=\"col-1171826585\" class=\"col medium-5 small-6 large-5\"  >\n\t\t\t\t<div class=\"col-inner\"  >\n\t\t\t\n\t\t\t\n\n\t<div id=\"text-1724063563\" class=\"text\">\n\t\t\n\n<h2>Dohoda o kvalit\u011b Kabelov\u00fd svazek<\/h2>\n\t\t\n<style>\n#text-1724063563 {\n  color: #80deff;\n}\n#text-1724063563 > * {\n  color: #80deff;\n}\n<\/style>\n\t<\/div>\n\t\n\n\t\t<\/div>\n\t\t\t\t\t<\/div>\n\n\t\n\n\t<div id=\"col-851750358\" class=\"col medium-2 small-6 large-2\"  >\n\t\t\t\t<div class=\"col-inner\"  >\n\t\t\t\n\t\t\t\n\n<a href=\"https:\/\/www.ariete-group.eu\/wp-content\/uploads\/2025\/05\/F_240-77_Quality-agreement_Cable_harness-F1.docx\" target=\"_blank\" class=\"button primary expand\" rel=\"noopener\"  >\n\t\t<span>Sta\u017een\u00ed EN<\/span>\n\t<i class=\"icon-angle-down\" aria-hidden=\"true\" ><\/i><\/a>\n\n\n\n\t\t<\/div>\n\t\t\t\t\t<\/div>\n\n\t\n\n<\/div>\n\n\t\t<\/div>\n\t\t\t\t\t<\/div>\n\n\t\n\n\n<style>\n#row-46362041 > .col > .col-inner {\n  padding: 0px 0px 0px 10px;\n}\n<\/style>\n<\/div>\n<div class=\"row\"  id=\"row-1010591538\">\n\n\n\n\t<div id=\"col-795555540\" class=\"col small-12 large-12\"  >\n\t\t\t\t<div class=\"col-inner text-shadow-1\"  >\n\t\t\t\n\t\t\t\n\n<div class=\"row\"  id=\"row-130616831\">\n\n\n\t<div id=\"col-67005530\" class=\"col medium-5 small-6 large-5\"  >\n\t\t\t\t<div class=\"col-inner\"  >\n\t\t\t\n\t\t\t\n\n\t<div id=\"text-64415151\" class=\"text\">\n\t\t\n\n<h2>Dohoda o kvalit\u011b Kovov\u00e9 d\u00edly<\/h2>\n\t\t\n<style>\n#text-64415151 {\n  color: #060e2d;\n}\n#text-64415151 > * {\n  color: #060e2d;\n}\n<\/style>\n\t<\/div>\n\t\n\n\t\t<\/div>\n\t\t\t\t\t<\/div>\n\n\t\n\n\t<div id=\"col-2039718709\" class=\"col medium-2 small-6 large-2\"  >\n\t\t\t\t<div class=\"col-inner\"  >\n\t\t\t\n\t\t\t\n\n<a href=\"https:\/\/www.ariete-group.eu\/wp-content\/uploads\/2025\/05\/F_240-76_Quality-agreement_Metal_parts-F1.docx\" target=\"_blank\" class=\"button primary expand\" rel=\"noopener\"  >\n\t\t<span>Sta\u017een\u00ed EN<\/span>\n\t<i class=\"icon-angle-down\" aria-hidden=\"true\" ><\/i><\/a>\n\n\n\n\t\t<\/div>\n\t\t\t\t\t<\/div>\n\n\t\n\n<\/div>\n\n\t\t<\/div>\n\t\t\t\t\n<style>\n#col-795555540 > .col-inner {\n  border-radius: 20px;\n}\n<\/style>\n\t<\/div>\n\n\t\n\n\n<style>\n#row-1010591538 > .col > .col-inner {\n  padding: 20px 0px 1px 10px;\n  background-color: rgb(255,255,255);\n}\n<\/style>\n<\/div>\n<div class=\"row\"  id=\"row-1436832801\">\n\n\n\n\t<div id=\"col-1458797987\" class=\"col small-12 large-12\"  >\n\t\t\t\t<div class=\"col-inner text-shadow-1\"  >\n\t\t\t\n\t\t\t\n\n<div class=\"row\"  id=\"row-2095185303\">\n\n\n\t<div id=\"col-520696980\" class=\"col medium-5 small-6 large-5\"  >\n\t\t\t\t<div class=\"col-inner\"  >\n\t\t\t\n\t\t\t\n\n\t<div id=\"text-2564309827\" class=\"text\">\n\t\t\n\n<h2>Dohoda o kvalit\u011b PCB <\/h2>\n\t\t\n<style>\n#text-2564309827 {\n  color: #80deff;\n}\n#text-2564309827 > * {\n  color: #80deff;\n}\n<\/style>\n\t<\/div>\n\t\n\n\t\t<\/div>\n\t\t\t\t\t<\/div>\n\n\t\n\n\t<div id=\"col-565068339\" class=\"col medium-2 small-6 large-2\"  >\n\t\t\t\t<div class=\"col-inner\"  >\n\t\t\t\n\t\t\t\n\n<a href=\"https:\/\/www.ariete-group.eu\/wp-content\/uploads\/2025\/05\/F_240-75_Quality-agreement_PCB-F1.docx\" target=\"_blank\" class=\"button primary expand\" rel=\"noopener\"  >\n\t\t<span>Sta\u017een\u00ed EN<\/span>\n\t<i class=\"icon-angle-down\" aria-hidden=\"true\" ><\/i><\/a>\n\n\n\n\t\t<\/div>\n\t\t\t\t\t<\/div>\n\n\t\n\n<\/div>\n\n\t\t<\/div>\n\t\t\t\t\t<\/div>\n\n\t\n\n\n<style>\n#row-1436832801 > .col > .col-inner {\n  padding: 0px 0px 0px 10px;\n}\n<\/style>\n<\/div>\n<div class=\"row\"  id=\"row-991937010\">\n\n\n\n\t<div id=\"col-584465333\" class=\"col small-12 large-12\"  >\n\t\t\t\t<div class=\"col-inner text-shadow-1\"  >\n\t\t\t\n\t\t\t\n\n<div class=\"row\"  id=\"row-1347400678\">\n\n\n\t<div id=\"col-519369219\" class=\"col medium-5 small-6 large-5\"  >\n\t\t\t\t<div class=\"col-inner\"  >\n\t\t\t\n\t\t\t\n\n\t<div id=\"text-888226683\" class=\"text\">\n\t\t\n\n<h2>Hodnocen\u00ed dodavatel\u016f<\/h2>\n\t\t\n<style>\n#text-888226683 {\n  color: #060e2d;\n}\n#text-888226683 > * {\n  color: #060e2d;\n}\n<\/style>\n\t<\/div>\n\t\n\n\t\t<\/div>\n\t\t\t\t\t<\/div>\n\n\t\n\n\t<div id=\"col-198571174\" class=\"col medium-2 small-6 large-2\"  >\n\t\t\t\t<div class=\"col-inner\"  >\n\t\t\t\n\t\t\t\n\n<a href=\"https:\/\/www.ariete-group.eu\/wp-content\/uploads\/2025\/05\/BP_040_31_Supplier-evaluation-F4.doc\" target=\"_blank\" class=\"button primary expand\" rel=\"noopener\"  >\n\t\t<span>Sta\u017een\u00ed EN<\/span>\n\t<i class=\"icon-angle-down\" aria-hidden=\"true\" ><\/i><\/a>\n\n\n\n\t\t<\/div>\n\t\t\t\t\t<\/div>\n\n\t\n\n<\/div>\n\n\t\t<\/div>\n\t\t\t\t\n<style>\n#col-584465333 > .col-inner {\n  border-radius: 20px;\n}\n<\/style>\n\t<\/div>\n\n\t\n\n\n<style>\n#row-991937010 > .col > .col-inner {\n  padding: 20px 0px 1px 10px;\n  background-color: rgb(255,255,255);\n}\n<\/style>\n<\/div>\n<div class=\"row\"  id=\"row-1660525762\">\n\n\n\n\t<div id=\"col-569400214\" class=\"col small-12 large-12\"  >\n\t\t\t\t<div class=\"col-inner text-shadow-1\"  >\n\t\t\t\n\t\t\t\n\n<div class=\"row\"  id=\"row-382411829\">\n\n\n\t<div id=\"col-1476134718\" class=\"col medium-5 small-6 large-5\"  >\n\t\t\t\t<div class=\"col-inner\"  >\n\t\t\t\n\t\t\t\n\n\t<div id=\"text-2977277182\" class=\"text\">\n\t\t\n\n<h2>Dohoda o kvalit\u011b plast\u016f<\/h2>\n\t\t\n<style>\n#text-2977277182 {\n  color: #80deff;\n}\n#text-2977277182 > * {\n  color: #80deff;\n}\n<\/style>\n\t<\/div>\n\t\n\n\t\t<\/div>\n\t\t\t\t\t<\/div>\n\n\t\n\n\t<div id=\"col-591665713\" class=\"col medium-2 small-6 large-2\"  >\n\t\t\t\t<div class=\"col-inner\"  >\n\t\t\t\n\t\t\t\n\n<a href=\"https:\/\/www.ariete-group.eu\/wp-content\/uploads\/2025\/05\/F_240-74_Quality-agreement_plastics_F1.docx\" target=\"_blank\" class=\"button primary expand\" rel=\"noopener\"  >\n\t\t<span>Sta\u017een\u00ed EN<\/span>\n\t<i class=\"icon-angle-down\" aria-hidden=\"true\" ><\/i><\/a>\n\n\n\n\t\t<\/div>\n\t\t\t\t\t<\/div>\n\n\t\n\n<\/div>\n\n\t\t<\/div>\n\t\t\t\t\t<\/div>\n\n\t\n\n\t<div id=\"col-89153278\" class=\"col small-12 large-12\"  >\n\t\t\t\t<div class=\"col-inner text-shadow-1\" style=\"background-color:rgb(255, 255, 255);\" >\n\t\t\t\n\t\t\t\n\n<div class=\"is-divider divider clearfix\" style=\"height:0px;\"><\/div>\n\n<div class=\"row\"  id=\"row-2102706330\">\n\n\n\t<div id=\"col-1177624547\" class=\"col medium-5 small-6 large-5\"  >\n\t\t\t\t<div class=\"col-inner\" style=\"background-color:rgb(255, 255, 255);\" >\n\t\t\t\n\t\t\t\n\n\t<div id=\"text-1741886499\" class=\"text\">\n\t\t\n\n<h2>Sm\u011brnice kvality pro dodavatele<\/h2>\n\t\t\n<style>\n#text-1741886499 {\n  color: #060e2d;\n}\n#text-1741886499 > * {\n  color: #060e2d;\n}\n<\/style>\n\t<\/div>\n\t\n\n\t\t<\/div>\n\t\t\t\t\t<\/div>\n\n\t\n\n\t<div id=\"col-1668780576\" class=\"col medium-2 small-6 large-2\"  >\n\t\t\t\t<div class=\"col-inner\"  >\n\t\t\t\n\t\t\t\n\n<a href=\"https:\/\/www.ariete-group.eu\/wp-content\/uploads\/2025\/05\/Quality-Guideline-for-Suppliers-F1.docx\" target=\"_blank\" class=\"button primary expand\" rel=\"noopener\"  >\n\t\t<span>Sta\u017een\u00ed EN<\/span>\n\t<i class=\"icon-angle-down\" aria-hidden=\"true\" ><\/i><\/a>\n\n\n\n\t\t<\/div>\n\t\t\t\t\t<\/div>\n\n\t\n\n\n<style>\n#row-2102706330 > .col > .col-inner {\n  background-color: rgb(255,255,255);\n}\n<\/style>\n<\/div>\n\n\t\t<\/div>\n\t\t\t\t\n<style>\n#col-89153278 > .col-inner {\n  border-radius: 20px;\n}\n<\/style>\n\t<\/div>\n\n\t\n\n\n<style>\n#row-1660525762 > .col > .col-inner {\n  padding: 0px 0px 0px 10px;\n}\n<\/style>\n<\/div>\n\n\t\t<\/div>\n\n\t\t\n<style>\n#section_1750351162 {\n  padding-top: 30px;\n  padding-bottom: 30px;\n}\n<\/style>\n\t<\/section>\n\t\n\n","protected":false},"excerpt":{"rendered":"","protected":false},"author":2,"featured_media":0,"parent":0,"menu_order":0,"comment_status":"closed","ping_status":"closed","template":"page-blank.php","meta":{"footnotes":""},"class_list":["post-1597","page","type-page","status-publish","hentry"],"yoast_head":"<!-- This site is optimized with the Yoast SEO plugin v26.6 - https:\/\/yoast.com\/wordpress\/plugins\/seo\/ -->\n<title>Z\u00e1sady ochrany osobn\u00edch \u00fadaj\u016f Ariete Group<\/title>\n<meta name=\"description\" content=\"P\u0159e\u010dt\u011bte si pros\u00edm na\u0161i knihovnu dokument\u016f.\" \/>\n<meta name=\"robots\" content=\"index, follow, max-snippet:-1, max-image-preview:large, max-video-preview:-1\" \/>\n<link rel=\"canonical\" href=\"https:\/\/www.ariete-group.eu\/cs\/knihovna-dokumentu\/\" \/>\n<meta property=\"og:locale\" content=\"cs_CZ\" \/>\n<meta property=\"og:type\" content=\"article\" \/>\n<meta property=\"og:title\" content=\"Z\u00e1sady ochrany osobn\u00edch \u00fadaj\u016f Ariete Group\" \/>\n<meta property=\"og:description\" content=\"P\u0159e\u010dt\u011bte si pros\u00edm na\u0161i knihovnu dokument\u016f.\" \/>\n<meta property=\"og:url\" content=\"https:\/\/www.ariete-group.eu\/cs\/knihovna-dokumentu\/\" \/>\n<meta property=\"og:site_name\" content=\"Plastic Injection Moulding | Manufacturing Custom Solutions\" \/>\n<meta property=\"article:modified_time\" content=\"2025-10-06T06:39:42+00:00\" \/>\n<meta name=\"twitter:card\" content=\"summary_large_image\" \/>\n<meta name=\"twitter:label1\" content=\"Odhadovan\u00e1 doba \u010dten\u00ed\" \/>\n\t<meta name=\"twitter:data1\" content=\"7 minut\" \/>\n<script type=\"application\/ld+json\" class=\"yoast-schema-graph\">{\"@context\":\"https:\/\/schema.org\",\"@graph\":[{\"@type\":\"WebPage\",\"@id\":\"https:\/\/www.ariete-group.eu\/cs\/knihovna-dokumentu\/\",\"url\":\"https:\/\/www.ariete-group.eu\/cs\/knihovna-dokumentu\/\",\"name\":\"Z\u00e1sady ochrany osobn\u00edch \u00fadaj\u016f Ariete Group\",\"isPartOf\":{\"@id\":\"https:\/\/www.ariete-group.eu\/cs\/#website\"},\"datePublished\":\"2024-07-11T07:47:08+00:00\",\"dateModified\":\"2025-10-06T06:39:42+00:00\",\"description\":\"P\u0159e\u010dt\u011bte si pros\u00edm na\u0161i knihovnu dokument\u016f.\",\"breadcrumb\":{\"@id\":\"https:\/\/www.ariete-group.eu\/cs\/knihovna-dokumentu\/#breadcrumb\"},\"inLanguage\":\"cs\",\"potentialAction\":[{\"@type\":\"ReadAction\",\"target\":[\"https:\/\/www.ariete-group.eu\/cs\/knihovna-dokumentu\/\"]}]},{\"@type\":\"BreadcrumbList\",\"@id\":\"https:\/\/www.ariete-group.eu\/cs\/knihovna-dokumentu\/#breadcrumb\",\"itemListElement\":[{\"@type\":\"ListItem\",\"position\":1,\"name\":\"Home\",\"item\":\"https:\/\/www.ariete-group.eu\/cs\/\"},{\"@type\":\"ListItem\",\"position\":2,\"name\":\"Pro partnery\"}]},{\"@type\":\"WebSite\",\"@id\":\"https:\/\/www.ariete-group.eu\/cs\/#website\",\"url\":\"https:\/\/www.ariete-group.eu\/cs\/\",\"name\":\"Plastic Injection Moulding | Manufacturing Custom Solutions\",\"description\":\"Automotive Components Manufacturing,  production assembly, and Logistics. Tool design, development and Manufacturing\",\"potentialAction\":[{\"@type\":\"SearchAction\",\"target\":{\"@type\":\"EntryPoint\",\"urlTemplate\":\"https:\/\/www.ariete-group.eu\/cs\/?s={search_term_string}\"},\"query-input\":{\"@type\":\"PropertyValueSpecification\",\"valueRequired\":true,\"valueName\":\"search_term_string\"}}],\"inLanguage\":\"cs\"}]}<\/script>\n<!-- \/ Yoast SEO plugin. -->","yoast_head_json":{"title":"Z\u00e1sady ochrany osobn\u00edch \u00fadaj\u016f Ariete Group","description":"P\u0159e\u010dt\u011bte si pros\u00edm na\u0161i knihovnu dokument\u016f.","robots":{"index":"index","follow":"follow","max-snippet":"max-snippet:-1","max-image-preview":"max-image-preview:large","max-video-preview":"max-video-preview:-1"},"canonical":"https:\/\/www.ariete-group.eu\/cs\/knihovna-dokumentu\/","og_locale":"cs_CZ","og_type":"article","og_title":"Z\u00e1sady ochrany osobn\u00edch \u00fadaj\u016f Ariete Group","og_description":"P\u0159e\u010dt\u011bte si pros\u00edm na\u0161i knihovnu dokument\u016f.","og_url":"https:\/\/www.ariete-group.eu\/cs\/knihovna-dokumentu\/","og_site_name":"Plastic Injection Moulding | Manufacturing Custom Solutions","article_modified_time":"2025-10-06T06:39:42+00:00","twitter_card":"summary_large_image","twitter_misc":{"Odhadovan\u00e1 doba \u010dten\u00ed":"7 minut"},"schema":{"@context":"https:\/\/schema.org","@graph":[{"@type":"WebPage","@id":"https:\/\/www.ariete-group.eu\/cs\/knihovna-dokumentu\/","url":"https:\/\/www.ariete-group.eu\/cs\/knihovna-dokumentu\/","name":"Z\u00e1sady ochrany osobn\u00edch \u00fadaj\u016f Ariete Group","isPartOf":{"@id":"https:\/\/www.ariete-group.eu\/cs\/#website"},"datePublished":"2024-07-11T07:47:08+00:00","dateModified":"2025-10-06T06:39:42+00:00","description":"P\u0159e\u010dt\u011bte si pros\u00edm na\u0161i knihovnu dokument\u016f.","breadcrumb":{"@id":"https:\/\/www.ariete-group.eu\/cs\/knihovna-dokumentu\/#breadcrumb"},"inLanguage":"cs","potentialAction":[{"@type":"ReadAction","target":["https:\/\/www.ariete-group.eu\/cs\/knihovna-dokumentu\/"]}]},{"@type":"BreadcrumbList","@id":"https:\/\/www.ariete-group.eu\/cs\/knihovna-dokumentu\/#breadcrumb","itemListElement":[{"@type":"ListItem","position":1,"name":"Home","item":"https:\/\/www.ariete-group.eu\/cs\/"},{"@type":"ListItem","position":2,"name":"Pro partnery"}]},{"@type":"WebSite","@id":"https:\/\/www.ariete-group.eu\/cs\/#website","url":"https:\/\/www.ariete-group.eu\/cs\/","name":"Plastic Injection Moulding | Manufacturing Custom Solutions","description":"Automotive Components Manufacturing,  production assembly, and Logistics. Tool design, development and Manufacturing","potentialAction":[{"@type":"SearchAction","target":{"@type":"EntryPoint","urlTemplate":"https:\/\/www.ariete-group.eu\/cs\/?s={search_term_string}"},"query-input":{"@type":"PropertyValueSpecification","valueRequired":true,"valueName":"search_term_string"}}],"inLanguage":"cs"}]}},"_links":{"self":[{"href":"https:\/\/www.ariete-group.eu\/cs\/wp-json\/wp\/v2\/pages\/1597","targetHints":{"allow":["GET"]}}],"collection":[{"href":"https:\/\/www.ariete-group.eu\/cs\/wp-json\/wp\/v2\/pages"}],"about":[{"href":"https:\/\/www.ariete-group.eu\/cs\/wp-json\/wp\/v2\/types\/page"}],"author":[{"embeddable":true,"href":"https:\/\/www.ariete-group.eu\/cs\/wp-json\/wp\/v2\/users\/2"}],"replies":[{"embeddable":true,"href":"https:\/\/www.ariete-group.eu\/cs\/wp-json\/wp\/v2\/comments?post=1597"}],"version-history":[{"count":1,"href":"https:\/\/www.ariete-group.eu\/cs\/wp-json\/wp\/v2\/pages\/1597\/revisions"}],"predecessor-version":[{"id":2443,"href":"https:\/\/www.ariete-group.eu\/cs\/wp-json\/wp\/v2\/pages\/1597\/revisions\/2443"}],"wp:attachment":[{"href":"https:\/\/www.ariete-group.eu\/cs\/wp-json\/wp\/v2\/media?parent=1597"}],"curies":[{"name":"wp","href":"https:\/\/api.w.org\/{rel}","templated":true}]}}