{"id":1601,"date":"2024-06-25T06:17:37","date_gmt":"2024-06-25T06:17:37","guid":{"rendered":"https:\/\/www.ariete-group.eu\/zasady-pouzivani-souboru-cookie\/"},"modified":"2024-08-01T12:51:24","modified_gmt":"2024-08-01T12:51:24","slug":"zasady-pouzivani-souboru-cookie","status":"publish","type":"page","link":"https:\/\/www.ariete-group.eu\/cs\/zasady-pouzivani-souboru-cookie\/","title":{"rendered":"Z\u00e1sady pou\u017e\u00edv\u00e1n\u00ed soubor\u016f cookie"},"content":{"rendered":"\n\n\t<section class=\"section\" id=\"section_1216252187\">\n\t\t<div class=\"section-bg fill\" >\n\t\t\t\t\t\t\t\t\t\n\t\t\t\n\n\t\t<\/div>\n\n\t\t\n\n\t\t<div class=\"section-content relative\">\n\t\t\t\n\n<div class=\"row\"  id=\"row-1733294381\">\n\n\n\t<div id=\"col-1587493219\" class=\"col small-12 large-12\"  >\n\t\t\t\t<div class=\"col-inner\"  >\n\t\t\t\n\t\t\t\n\n\t<div id=\"text-1692042077\" class=\"text\">\n\t\t\n\n<h2>Z\u00e1sady pou\u017e\u00edv\u00e1n\u00ed soubor\u016f cookie<\/h2>\n<p>ariete-group.eu pou\u017e\u00edv\u00e1 cookies.<br>Soubory cookie pou\u017e\u00edv\u00e1me k personalizaci obsahu a reklam, poskytov\u00e1n\u00ed funkc\u00ed soci\u00e1ln\u00edch m\u00e9di\u00ed a anal\u00fdze na\u0161\u00ed n\u00e1v\u0161t\u011bvnosti. Informace o tom, jak pou\u017e\u00edv\u00e1te na\u0161e str\u00e1nky, tak\u00e9 sd\u00edl\u00edme s na\u0161imi partnery v soci\u00e1ln\u00edch m\u00e9di\u00edch, reklamn\u00edmi partnery a analytick\u00fdmi partnery, kte\u0159\u00ed je mohou kombinovat s dal\u0161\u00edmi informacemi, kter\u00e9 jim poskytnete, nebo s informacemi, kter\u00e9 shrom\u00e1\u017edili p\u0159i va\u0161em pou\u017e\u00edv\u00e1n\u00ed jejich slu\u017eeb. Pokud budete pokra\u010dovat v pou\u017e\u00edv\u00e1n\u00ed na\u0161ich webov\u00fdch str\u00e1nek, souhlas\u00edte s na\u0161imi soubory cookie.<\/p>\n<p>\u201eCookies\u201c jsou mal\u00e9 textov\u00e9 soubory, kter\u00e9 mohou str\u00e1nky pou\u017e\u00edvat k zefektivn\u011bn\u00ed u\u017eivatelsk\u00e9 zku\u0161enosti.<\/p>\n<p>Z\u00e1kon \u0159\u00edk\u00e1, \u017ee m\u016f\u017eeme na va\u0161em za\u0159\u00edzen\u00ed ukl\u00e1dat soubory cookie, pokud jsou nezbytn\u011b nutn\u00e9 pro provoz t\u011bchto str\u00e1nek. V\u0161echny ostatn\u00ed typy soubor\u016f cookie vy\u017eaduj\u00ed v\u00e1\u0161 souhlas.<\/p>\n<p>Tato str\u00e1nka pou\u017e\u00edv\u00e1 r\u016fzn\u00e9 typy soubor\u016f cookie.<br>N\u011bkter\u00e9 z nich jsou propojeny se slu\u017ebami t\u0159et\u00edch stran, kter\u00e9 se objevuj\u00ed na na\u0161ich str\u00e1nk\u00e1ch.<\/p>\n<p>V\u00edce o tom, kdo jsme, jak n\u00e1s m\u016f\u017eete kontaktovat a jak zpracov\u00e1v\u00e1me osobn\u00ed \u00fadaje, se dozv\u00edte v na\u0161ich Z\u00e1sad\u00e1ch ochrany osobn\u00edch \u00fadaj\u016f.<\/p>\n<h3>JAK SPRAVOVAT COOKIES ULO\u017dEN\u00c9 V M\u00c9M ZA\u0158\u00cdZEN\u00cd<\/h3>\n<p>Soubory cookie lze zak\u00e1zat nebo odstranit pomoc\u00ed n\u00e1stroj\u016f dostupn\u00fdch ve v\u011bt\u0161in\u011b modern\u00edch prohl\u00ed\u017ee\u010d\u016f.<br>Nastaven\u00ed ka\u017ed\u00e9ho prohl\u00ed\u017ee\u010de je individu\u00e1ln\u00ed a ka\u017ed\u00fd prohl\u00ed\u017ee\u010d nab\u00edz\u00ed jin\u00e9 funkcionality a mo\u017enosti spr\u00e1vy.<\/p>\n<p>Dal\u0161\u00ed informace o tom, jak m\u016f\u017eete zablokovat, odstranit nebo zak\u00e1zat soubory cookie, naleznete v nastaven\u00ed prohl\u00ed\u017ee\u010de nebo za\u0159\u00edzen\u00ed.<\/p>\n<ul>\n<li><a href=\"https:\/\/support.microsoft.com\/bg-bg\/help\/17442\/windows-internet-explorer-delete-manage-cookies\">Cookie settings in Internet Explorer<\/a><\/li>\n<li><a href=\"http:\/\/support.mozilla.com\/en-US\/kb\/Cookies\">Cookie settings in Firefox<\/a><\/li>\n<li><a href=\"https:\/\/support.google.com\/chrome\/answer\/95647?hl=en&amp;ref_topic=14666\">Cookie settings in Chrome<\/a><\/li>\n<li><a href=\"http:\/\/support.apple.com\/kb\/PH5042\">Cookie settings in Safari web<\/a> \u0438<a href=\"http:\/\/support.apple.com\/kb\/HT1677\"> iOS<\/a>.<\/li>\n<\/ul>\n<p>Pokud m\u00e1te obavy ohledn\u011b soubor\u016f cookie od poskytovatel\u016f slu\u017eeb souvisej\u00edc\u00edch s reklamou t\u0159et\u00edch stran, m\u016f\u017eete je zde vypnout:<a href=\"http:\/\/www.youronlinechoices.com\/bg\"> Your Online Choices site<\/a>.<\/p>\n<p>Vezm\u011bte pros\u00edm na v\u011bdom\u00ed, \u017ee pokud se rozhodnete zablokovat nebo zak\u00e1zat soubory cookie, n\u011bkter\u00e9 funkce na na\u0161em webu nemus\u00ed \u010d\u00e1ste\u010dn\u011b nebo \u00fapln\u011b fungovat.<\/p>\n\n\t\t\n<style>\n#text-1692042077 {\n  font-size: 1.25rem;\n  color: #060e2d;\n}\n#text-1692042077 > * {\n  color: #060e2d;\n}\n<\/style>\n\t<\/div>\n\t\n\n\t\t<\/div>\n\t\t\t\t\t<\/div>\n\n\t\n\n<\/div>\n\n\t\t<\/div>\n\n\t\t\n<style>\n#section_1216252187 {\n  padding-top: 30px;\n  padding-bottom: 30px;\n  background-color: rgb(255,255,255);\n}\n<\/style>\n\t<\/section>\n\t\n\n","protected":false},"excerpt":{"rendered":"","protected":false},"author":2,"featured_media":0,"parent":0,"menu_order":0,"comment_status":"closed","ping_status":"closed","template":"","meta":{"footnotes":""},"class_list":["post-1601","page","type-page","status-publish","hentry"],"yoast_head":"<!-- This site is optimized with the Yoast SEO plugin v26.6 - https:\/\/yoast.com\/wordpress\/plugins\/seo\/ -->\n<title>z\u00e1sady pou\u017e\u00edv\u00e1n\u00ed soubor\u016f cookie Ariete Group<\/title>\n<meta name=\"description\" content=\"P\u0159e\u010dt\u011bte si pros\u00edm na\u0161e z\u00e1sady pou\u017e\u00edv\u00e1n\u00ed soubor\u016f cookie.\" \/>\n<meta name=\"robots\" content=\"index, follow, max-snippet:-1, max-image-preview:large, max-video-preview:-1\" \/>\n<link rel=\"canonical\" href=\"https:\/\/www.ariete-group.eu\/cs\/zasady-pouzivani-souboru-cookie\/\" \/>\n<meta property=\"og:locale\" content=\"cs_CZ\" \/>\n<meta property=\"og:type\" content=\"article\" \/>\n<meta property=\"og:title\" content=\"z\u00e1sady pou\u017e\u00edv\u00e1n\u00ed soubor\u016f cookie Ariete Group\" \/>\n<meta property=\"og:description\" content=\"P\u0159e\u010dt\u011bte si pros\u00edm na\u0161e z\u00e1sady pou\u017e\u00edv\u00e1n\u00ed soubor\u016f cookie.\" \/>\n<meta property=\"og:url\" content=\"https:\/\/www.ariete-group.eu\/cs\/zasady-pouzivani-souboru-cookie\/\" \/>\n<meta property=\"og:site_name\" content=\"Plastic Injection Moulding | Manufacturing Custom Solutions\" \/>\n<meta property=\"article:modified_time\" content=\"2024-08-01T12:51:24+00:00\" \/>\n<meta name=\"twitter:card\" content=\"summary_large_image\" \/>\n<meta name=\"twitter:label1\" content=\"Odhadovan\u00e1 doba \u010dten\u00ed\" \/>\n\t<meta name=\"twitter:data1\" content=\"2 minuty\" \/>\n<script type=\"application\/ld+json\" class=\"yoast-schema-graph\">{\"@context\":\"https:\/\/schema.org\",\"@graph\":[{\"@type\":\"WebPage\",\"@id\":\"https:\/\/www.ariete-group.eu\/cs\/zasady-pouzivani-souboru-cookie\/\",\"url\":\"https:\/\/www.ariete-group.eu\/cs\/zasady-pouzivani-souboru-cookie\/\",\"name\":\"z\u00e1sady pou\u017e\u00edv\u00e1n\u00ed soubor\u016f cookie Ariete Group\",\"isPartOf\":{\"@id\":\"https:\/\/www.ariete-group.eu\/cs\/#website\"},\"datePublished\":\"2024-06-25T06:17:37+00:00\",\"dateModified\":\"2024-08-01T12:51:24+00:00\",\"description\":\"P\u0159e\u010dt\u011bte si pros\u00edm na\u0161e z\u00e1sady pou\u017e\u00edv\u00e1n\u00ed soubor\u016f cookie.\",\"breadcrumb\":{\"@id\":\"https:\/\/www.ariete-group.eu\/cs\/zasady-pouzivani-souboru-cookie\/#breadcrumb\"},\"inLanguage\":\"cs\",\"potentialAction\":[{\"@type\":\"ReadAction\",\"target\":[\"https:\/\/www.ariete-group.eu\/cs\/zasady-pouzivani-souboru-cookie\/\"]}]},{\"@type\":\"BreadcrumbList\",\"@id\":\"https:\/\/www.ariete-group.eu\/cs\/zasady-pouzivani-souboru-cookie\/#breadcrumb\",\"itemListElement\":[{\"@type\":\"ListItem\",\"position\":1,\"name\":\"Home\",\"item\":\"https:\/\/www.ariete-group.eu\/cs\/\"},{\"@type\":\"ListItem\",\"position\":2,\"name\":\"Z\u00e1sady pou\u017e\u00edv\u00e1n\u00ed soubor\u016f cookie\"}]},{\"@type\":\"WebSite\",\"@id\":\"https:\/\/www.ariete-group.eu\/cs\/#website\",\"url\":\"https:\/\/www.ariete-group.eu\/cs\/\",\"name\":\"Plastic Injection Moulding | Manufacturing Custom Solutions\",\"description\":\"Automotive Components Manufacturing,  production assembly, and Logistics. Tool design, development and Manufacturing\",\"potentialAction\":[{\"@type\":\"SearchAction\",\"target\":{\"@type\":\"EntryPoint\",\"urlTemplate\":\"https:\/\/www.ariete-group.eu\/cs\/?s={search_term_string}\"},\"query-input\":{\"@type\":\"PropertyValueSpecification\",\"valueRequired\":true,\"valueName\":\"search_term_string\"}}],\"inLanguage\":\"cs\"}]}<\/script>\n<!-- \/ Yoast SEO plugin. -->","yoast_head_json":{"title":"z\u00e1sady pou\u017e\u00edv\u00e1n\u00ed soubor\u016f cookie Ariete Group","description":"P\u0159e\u010dt\u011bte si pros\u00edm na\u0161e z\u00e1sady pou\u017e\u00edv\u00e1n\u00ed soubor\u016f cookie.","robots":{"index":"index","follow":"follow","max-snippet":"max-snippet:-1","max-image-preview":"max-image-preview:large","max-video-preview":"max-video-preview:-1"},"canonical":"https:\/\/www.ariete-group.eu\/cs\/zasady-pouzivani-souboru-cookie\/","og_locale":"cs_CZ","og_type":"article","og_title":"z\u00e1sady pou\u017e\u00edv\u00e1n\u00ed soubor\u016f cookie Ariete Group","og_description":"P\u0159e\u010dt\u011bte si pros\u00edm na\u0161e z\u00e1sady pou\u017e\u00edv\u00e1n\u00ed soubor\u016f cookie.","og_url":"https:\/\/www.ariete-group.eu\/cs\/zasady-pouzivani-souboru-cookie\/","og_site_name":"Plastic Injection Moulding | Manufacturing Custom Solutions","article_modified_time":"2024-08-01T12:51:24+00:00","twitter_card":"summary_large_image","twitter_misc":{"Odhadovan\u00e1 doba \u010dten\u00ed":"2 minuty"},"schema":{"@context":"https:\/\/schema.org","@graph":[{"@type":"WebPage","@id":"https:\/\/www.ariete-group.eu\/cs\/zasady-pouzivani-souboru-cookie\/","url":"https:\/\/www.ariete-group.eu\/cs\/zasady-pouzivani-souboru-cookie\/","name":"z\u00e1sady pou\u017e\u00edv\u00e1n\u00ed soubor\u016f cookie Ariete Group","isPartOf":{"@id":"https:\/\/www.ariete-group.eu\/cs\/#website"},"datePublished":"2024-06-25T06:17:37+00:00","dateModified":"2024-08-01T12:51:24+00:00","description":"P\u0159e\u010dt\u011bte si pros\u00edm na\u0161e z\u00e1sady pou\u017e\u00edv\u00e1n\u00ed soubor\u016f cookie.","breadcrumb":{"@id":"https:\/\/www.ariete-group.eu\/cs\/zasady-pouzivani-souboru-cookie\/#breadcrumb"},"inLanguage":"cs","potentialAction":[{"@type":"ReadAction","target":["https:\/\/www.ariete-group.eu\/cs\/zasady-pouzivani-souboru-cookie\/"]}]},{"@type":"BreadcrumbList","@id":"https:\/\/www.ariete-group.eu\/cs\/zasady-pouzivani-souboru-cookie\/#breadcrumb","itemListElement":[{"@type":"ListItem","position":1,"name":"Home","item":"https:\/\/www.ariete-group.eu\/cs\/"},{"@type":"ListItem","position":2,"name":"Z\u00e1sady pou\u017e\u00edv\u00e1n\u00ed soubor\u016f cookie"}]},{"@type":"WebSite","@id":"https:\/\/www.ariete-group.eu\/cs\/#website","url":"https:\/\/www.ariete-group.eu\/cs\/","name":"Plastic Injection Moulding | Manufacturing Custom Solutions","description":"Automotive Components Manufacturing,  production assembly, and Logistics. Tool design, development and Manufacturing","potentialAction":[{"@type":"SearchAction","target":{"@type":"EntryPoint","urlTemplate":"https:\/\/www.ariete-group.eu\/cs\/?s={search_term_string}"},"query-input":{"@type":"PropertyValueSpecification","valueRequired":true,"valueName":"search_term_string"}}],"inLanguage":"cs"}]}},"_links":{"self":[{"href":"https:\/\/www.ariete-group.eu\/cs\/wp-json\/wp\/v2\/pages\/1601","targetHints":{"allow":["GET"]}}],"collection":[{"href":"https:\/\/www.ariete-group.eu\/cs\/wp-json\/wp\/v2\/pages"}],"about":[{"href":"https:\/\/www.ariete-group.eu\/cs\/wp-json\/wp\/v2\/types\/page"}],"author":[{"embeddable":true,"href":"https:\/\/www.ariete-group.eu\/cs\/wp-json\/wp\/v2\/users\/2"}],"replies":[{"embeddable":true,"href":"https:\/\/www.ariete-group.eu\/cs\/wp-json\/wp\/v2\/comments?post=1601"}],"version-history":[{"count":0,"href":"https:\/\/www.ariete-group.eu\/cs\/wp-json\/wp\/v2\/pages\/1601\/revisions"}],"wp:attachment":[{"href":"https:\/\/www.ariete-group.eu\/cs\/wp-json\/wp\/v2\/media?parent=1601"}],"curies":[{"name":"wp","href":"https:\/\/api.w.org\/{rel}","templated":true}]}}