{"id":1629,"date":"2024-07-29T13:39:45","date_gmt":"2024-07-29T13:39:45","guid":{"rendered":"https:\/\/www.ariete-group.eu\/personalistika\/"},"modified":"2025-07-16T07:27:40","modified_gmt":"2025-07-16T07:27:40","slug":"personalistika","status":"publish","type":"page","link":"https:\/\/www.ariete-group.eu\/cs\/cinnost\/personalistika\/","title":{"rendered":"Personalistika"},"content":{"rendered":"\n\n  <div class=\"banner has-hover\" id=\"banner-1210173777\">\n          <div class=\"banner-inner fill\">\n        <div class=\"banner-bg fill\" >\n            <img loading=\"lazy\" decoding=\"async\" width=\"1280\" height=\"720\" src=\"https:\/\/www.ariete-group.eu\/wp-content\/uploads\/2024\/05\/haskovo_uvod_09.webp\" class=\"bg attachment-original size-original\" alt=\"\" \/>                                    \n                    <\/div>\n\t\t\n        <div class=\"banner-layers container\">\n            <div class=\"fill banner-link\"><\/div>            \n\n\n        <\/div>\n      <\/div>\n\n            \n<style>\n#banner-1210173777 {\n  padding-top: 250px;\n}\n#banner-1210173777 .banner-bg img {\n  object-position: 66% 60%;\n}\n<\/style>\n  <\/div>\n\n\n\n\t<section class=\"section\" id=\"section_40426921\">\n\t\t<div class=\"section-bg fill\" >\n\t\t\t\t\t\t\t\t\t\n\t\t\t\n\n\t\t<\/div>\n\n\t\t\n\n\t\t<div class=\"section-content relative\">\n\t\t\t\n\n<div class=\"row\"  id=\"row-1389541388\">\n\n\n\t<div id=\"col-1138333967\" class=\"col mass-divider small-12 large-12\"  >\n\t\t\t\t<div class=\"col-inner\"  >\n\t\t\t\n\t\t\t\n\n\t<div id=\"text-2945462955\" class=\"text\">\n\t\t\n\n<h2>Personalistika<br><\/h2>\n\t\t\n<style>\n#text-2945462955 {\n  font-size: 2.1rem;\n  color: rgb(128, 222, 255);\n}\n#text-2945462955 > * {\n  color: rgb(128, 222, 255);\n}\n<\/style>\n\t<\/div>\n\t\n<div class=\"is-divider divider clearfix\" style=\"max-width:450px;background-color:rgb(128, 222, 255);\"><\/div>\n\n\n\t\t<\/div>\n\t\t\t\t\t<\/div>\n\n\t\n\n<\/div>\n\n\t\t<\/div>\n\n\t\t\n<style>\n#section_40426921 {\n  padding-top: 30px;\n  padding-bottom: 30px;\n}\n<\/style>\n\t<\/section>\n\t\n\n\t<section class=\"section\" id=\"section_933510989\">\n\t\t<div class=\"section-bg fill\" >\n\t\t\t\t\t\t\t\t\t\n\t\t\t\n\n\t\t<\/div>\n\n\t\t\n\n\t\t<div class=\"section-content relative\">\n\t\t\t\n\n\t<div id=\"gap-1952044747\" class=\"gap-element clearfix\" style=\"display:block; height:auto;\">\n\t\t\n<style>\n#gap-1952044747 {\n  padding-top: 30px;\n}\n<\/style>\n\t<\/div>\n\t\n\n<div class=\"row\"  id=\"row-1810870428\">\n\n\n\t<div id=\"col-437033967\" class=\"col medium-12 small-12 large-8\"  >\n\t\t\t\t<div class=\"col-inner\"  >\n\t\t\t\n\t\t\t\n\n\t<div class=\"img has-hover x md-x lg-x y md-y lg-y\" id=\"image_619800890\">\n\t\t<a class=\"image-lightbox lightbox-gallery\" title=\"\" href=\"https:\/\/www.ariete-group.eu\/wp-content\/uploads\/2024\/07\/ariete_group_production_assembly_header.webp\">\t\t\t\t\t\t<div class=\"img-inner dark\" >\n\t\t\t<img loading=\"lazy\" decoding=\"async\" width=\"1024\" height=\"684\" src=\"https:\/\/www.ariete-group.eu\/wp-content\/uploads\/2024\/07\/ariete_group_production_assembly_header.webp\" class=\"attachment-original size-original\" alt=\"\" srcset=\"https:\/\/www.ariete-group.eu\/wp-content\/uploads\/2024\/07\/ariete_group_production_assembly_header.webp 1024w, https:\/\/www.ariete-group.eu\/wp-content\/uploads\/2024\/07\/ariete_group_production_assembly_header-300x200.webp 300w, https:\/\/www.ariete-group.eu\/wp-content\/uploads\/2024\/07\/ariete_group_production_assembly_header-768x513.webp 768w\" sizes=\"auto, (max-width: 1024px) 100vw, 1024px\" \/>\t\t\t\t\t\t\n\t\t\t\t\t<\/div>\n\t\t\t\t\t\t<\/a>\t\t\n<style>\n#image_619800890 {\n  width: 100%;\n}\n<\/style>\n\t<\/div>\n\t\n\n\n\t\t<\/div>\n\t\t\t\t\t<\/div>\n\n\t\n\n<\/div>\n<div class=\"row align-right\"  id=\"row-174151003\">\n\n\n\t<div id=\"col-2020368269\" class=\"col medium-5 small-12 large-6\"  >\n\t\t\t\t<div class=\"col-inner text-center\" style=\"background-color:rgb(255,255,255);\" >\n\t\t\t\n\t<div class=\"is-border\"\n\t\tstyle=\"border-color:rgb(128, 222, 255);border-radius:17px;border-width:0px 0px 0px 5px;\">\n\t<\/div>\n\t\t\t\n\n\t<div id=\"text-680782909\" class=\"text\">\n\t\t\n\n<h2>Ariete Personal<\/h2>\n\t\t\n<style>\n#text-680782909 {\n  font-size: 1.3rem;\n  color: #060e2d;\n}\n#text-680782909 > * {\n  color: #060e2d;\n}\n<\/style>\n\t<\/div>\n\t\n\n\t\t<\/div>\n\t\t\t\t\n<style>\n#col-2020368269 > .col-inner {\n  padding: 8% 8% 5% 8%;\n  margin: -390px 0px 0px 0px;\n  border-radius: 17px;\n}\n<\/style>\n\t<\/div>\n\n\t\n\n<\/div>\n<div class=\"row\"  id=\"row-173525944\">\n\n\n\t<div id=\"col-1661189956\" class=\"col small-12 large-12\"  >\n\t\t\t\t<div class=\"col-inner\" style=\"background-color:rgb(255,255,255);\" >\n\t\t\t\n\t\t\t\n\n\t<div id=\"text-1514499113\" class=\"text\">\n\t\t\n\n<p>Jsme si dob\u0159e v\u011bdomi toho, \u017ee se firmy v dne\u0161n\u00ed dob\u011b mus\u00ed um\u011bt rychle a pru\u017en\u011b p\u0159izp\u016fsobit po\u017eadavk\u016fm trhu a pr\u00e1v\u011b oblast zam\u011bstnanc\u016f je \u010dasto velmi limituje. Na\u0161e slu\u017eby jsou p\u0159esn\u011b na m\u00edru Va\u0161im po\u017eadavk\u016fm.<\/p>\n\t\t\n<style>\n#text-1514499113 {\n  font-size: 1.3rem;\n  color: #060e2d;\n}\n#text-1514499113 > * {\n  color: #060e2d;\n}\n<\/style>\n\t<\/div>\n\t\n\t<div id=\"text-3582294631\" class=\"text\">\n\t\t\n\n<p>Jsme firma s mezin\u00e1rodn\u00ed p\u016fsobnost\u00ed a mnohalet\u00fdmi zku\u0161enostmi. Na\u0161e nejlep\u0161\u00ed reference jsou des\u00edtky spokojen\u00fdch firem od start-up\u016f po velk\u00e9 korporace. Sledujeme aktu\u00e1ln\u00ed d\u011bn\u00ed v oblasti HR a d\u00edky tomu si m\u016f\u017eete b\u00fdt jisti, \u017ee um\u00edme vy\u0159e\u0161it skoro v\u0161echny Va\u0161e po\u017eadavky.<\/p>\n\t\t\n<style>\n#text-3582294631 {\n  font-size: 1.3rem;\n  color: #060e2d;\n}\n#text-3582294631 > * {\n  color: #060e2d;\n}\n<\/style>\n\t<\/div>\n\t\n\t<div id=\"text-1199597663\" class=\"text\">\n\t\t\n\n<p>V\u00edce informac\u00ed: <a class=\"custom-link\" href=\"https:\/\/www.arietepersonal.cz\/\" target=\"_blank\" rel=\"noopener\">www.arietepersonal.cz<\/a><\/p>\n\t\t\n<style>\n#text-1199597663 {\n  font-size: 1.3rem;\n  color: #060e2d;\n}\n#text-1199597663 > * {\n  color: #060e2d;\n}\n<\/style>\n\t<\/div>\n\t\n\n\t\t<\/div>\n\t\t\t\t\n<style>\n#col-1661189956 > .col-inner {\n  padding: 8% 8% 5% 8%;\n  border-radius: 17px;\n}\n<\/style>\n\t<\/div>\n\n\t\n\n<\/div>\n\n\t\t<\/div>\n\n\t\t\n<style>\n#section_933510989 {\n  padding-top: 30px;\n  padding-bottom: 30px;\n}\n@media (min-width:550px) {\n  #section_933510989 {\n    padding-top: 10px;\n    padding-bottom: 10px;\n  }\n}\n<\/style>\n\t<\/section>\n\t\n\n","protected":false},"excerpt":{"rendered":"","protected":false},"author":2,"featured_media":0,"parent":1595,"menu_order":0,"comment_status":"closed","ping_status":"closed","template":"page-blank.php","meta":{"footnotes":""},"class_list":["post-1629","page","type-page","status-publish","hentry"],"yoast_head":"<!-- This site is optimized with the Yoast SEO plugin v26.6 - https:\/\/yoast.com\/wordpress\/plugins\/seo\/ -->\n<title>Personalistika - Plastic Injection Moulding | Manufacturing Custom Solutions<\/title>\n<meta name=\"description\" content=\"Jsme firma s mezin\u00e1rodn\u00ed p\u016fsobnost\u00ed a mnohalet\u00fdmi zku\u0161enostmi. Na\u0161e nejlep\u0161\u00ed reference jsou des\u00edtky spokojen\u00fdch firem od start-up\u016f po velk\u00e9 korporace.\" \/>\n<meta name=\"robots\" content=\"index, follow, max-snippet:-1, max-image-preview:large, max-video-preview:-1\" \/>\n<link rel=\"canonical\" href=\"https:\/\/www.ariete-group.eu\/cs\/cinnost\/personalistika\/\" \/>\n<meta property=\"og:locale\" content=\"cs_CZ\" \/>\n<meta property=\"og:type\" content=\"article\" \/>\n<meta property=\"og:title\" content=\"Personalistika - Plastic Injection Moulding | Manufacturing Custom Solutions\" \/>\n<meta property=\"og:description\" content=\"Jsme firma s mezin\u00e1rodn\u00ed p\u016fsobnost\u00ed a mnohalet\u00fdmi zku\u0161enostmi. Na\u0161e nejlep\u0161\u00ed reference jsou des\u00edtky spokojen\u00fdch firem od start-up\u016f po velk\u00e9 korporace.\" \/>\n<meta property=\"og:url\" content=\"https:\/\/www.ariete-group.eu\/cs\/cinnost\/personalistika\/\" \/>\n<meta property=\"og:site_name\" content=\"Plastic Injection Moulding | Manufacturing Custom Solutions\" \/>\n<meta property=\"article:modified_time\" content=\"2025-07-16T07:27:40+00:00\" \/>\n<meta name=\"twitter:card\" content=\"summary_large_image\" \/>\n<meta name=\"twitter:label1\" content=\"Odhadovan\u00e1 doba \u010dten\u00ed\" \/>\n\t<meta name=\"twitter:data1\" content=\"1 minuta\" \/>\n<script type=\"application\/ld+json\" class=\"yoast-schema-graph\">{\"@context\":\"https:\/\/schema.org\",\"@graph\":[{\"@type\":\"WebPage\",\"@id\":\"https:\/\/www.ariete-group.eu\/cs\/cinnost\/personalistika\/\",\"url\":\"https:\/\/www.ariete-group.eu\/cs\/cinnost\/personalistika\/\",\"name\":\"Personalistika - Plastic Injection Moulding | Manufacturing Custom Solutions\",\"isPartOf\":{\"@id\":\"https:\/\/www.ariete-group.eu\/cs\/#website\"},\"datePublished\":\"2024-07-29T13:39:45+00:00\",\"dateModified\":\"2025-07-16T07:27:40+00:00\",\"description\":\"Jsme firma s mezin\u00e1rodn\u00ed p\u016fsobnost\u00ed a mnohalet\u00fdmi zku\u0161enostmi. Na\u0161e nejlep\u0161\u00ed reference jsou des\u00edtky spokojen\u00fdch firem od start-up\u016f po velk\u00e9 korporace.\",\"breadcrumb\":{\"@id\":\"https:\/\/www.ariete-group.eu\/cs\/cinnost\/personalistika\/#breadcrumb\"},\"inLanguage\":\"cs\",\"potentialAction\":[{\"@type\":\"ReadAction\",\"target\":[\"https:\/\/www.ariete-group.eu\/cs\/cinnost\/personalistika\/\"]}]},{\"@type\":\"BreadcrumbList\",\"@id\":\"https:\/\/www.ariete-group.eu\/cs\/cinnost\/personalistika\/#breadcrumb\",\"itemListElement\":[{\"@type\":\"ListItem\",\"position\":1,\"name\":\"Home\",\"item\":\"https:\/\/www.ariete-group.eu\/cs\/\"},{\"@type\":\"ListItem\",\"position\":2,\"name\":\"\u010dinnost\",\"item\":\"https:\/\/www.ariete-group.eu\/cs\/cinnost\/\"},{\"@type\":\"ListItem\",\"position\":3,\"name\":\"Personalistika\"}]},{\"@type\":\"WebSite\",\"@id\":\"https:\/\/www.ariete-group.eu\/cs\/#website\",\"url\":\"https:\/\/www.ariete-group.eu\/cs\/\",\"name\":\"Plastic Injection Moulding | Manufacturing Custom Solutions\",\"description\":\"Automotive Components Manufacturing,  production assembly, and Logistics. Tool design, development and Manufacturing\",\"potentialAction\":[{\"@type\":\"SearchAction\",\"target\":{\"@type\":\"EntryPoint\",\"urlTemplate\":\"https:\/\/www.ariete-group.eu\/cs\/?s={search_term_string}\"},\"query-input\":{\"@type\":\"PropertyValueSpecification\",\"valueRequired\":true,\"valueName\":\"search_term_string\"}}],\"inLanguage\":\"cs\"}]}<\/script>\n<!-- \/ Yoast SEO plugin. -->","yoast_head_json":{"title":"Personalistika - Plastic Injection Moulding | Manufacturing Custom Solutions","description":"Jsme firma s mezin\u00e1rodn\u00ed p\u016fsobnost\u00ed a mnohalet\u00fdmi zku\u0161enostmi. Na\u0161e nejlep\u0161\u00ed reference jsou des\u00edtky spokojen\u00fdch firem od start-up\u016f po velk\u00e9 korporace.","robots":{"index":"index","follow":"follow","max-snippet":"max-snippet:-1","max-image-preview":"max-image-preview:large","max-video-preview":"max-video-preview:-1"},"canonical":"https:\/\/www.ariete-group.eu\/cs\/cinnost\/personalistika\/","og_locale":"cs_CZ","og_type":"article","og_title":"Personalistika - Plastic Injection Moulding | Manufacturing Custom Solutions","og_description":"Jsme firma s mezin\u00e1rodn\u00ed p\u016fsobnost\u00ed a mnohalet\u00fdmi zku\u0161enostmi. Na\u0161e nejlep\u0161\u00ed reference jsou des\u00edtky spokojen\u00fdch firem od start-up\u016f po velk\u00e9 korporace.","og_url":"https:\/\/www.ariete-group.eu\/cs\/cinnost\/personalistika\/","og_site_name":"Plastic Injection Moulding | Manufacturing Custom Solutions","article_modified_time":"2025-07-16T07:27:40+00:00","twitter_card":"summary_large_image","twitter_misc":{"Odhadovan\u00e1 doba \u010dten\u00ed":"1 minuta"},"schema":{"@context":"https:\/\/schema.org","@graph":[{"@type":"WebPage","@id":"https:\/\/www.ariete-group.eu\/cs\/cinnost\/personalistika\/","url":"https:\/\/www.ariete-group.eu\/cs\/cinnost\/personalistika\/","name":"Personalistika - Plastic Injection Moulding | Manufacturing Custom Solutions","isPartOf":{"@id":"https:\/\/www.ariete-group.eu\/cs\/#website"},"datePublished":"2024-07-29T13:39:45+00:00","dateModified":"2025-07-16T07:27:40+00:00","description":"Jsme firma s mezin\u00e1rodn\u00ed p\u016fsobnost\u00ed a mnohalet\u00fdmi zku\u0161enostmi. Na\u0161e nejlep\u0161\u00ed reference jsou des\u00edtky spokojen\u00fdch firem od start-up\u016f po velk\u00e9 korporace.","breadcrumb":{"@id":"https:\/\/www.ariete-group.eu\/cs\/cinnost\/personalistika\/#breadcrumb"},"inLanguage":"cs","potentialAction":[{"@type":"ReadAction","target":["https:\/\/www.ariete-group.eu\/cs\/cinnost\/personalistika\/"]}]},{"@type":"BreadcrumbList","@id":"https:\/\/www.ariete-group.eu\/cs\/cinnost\/personalistika\/#breadcrumb","itemListElement":[{"@type":"ListItem","position":1,"name":"Home","item":"https:\/\/www.ariete-group.eu\/cs\/"},{"@type":"ListItem","position":2,"name":"\u010dinnost","item":"https:\/\/www.ariete-group.eu\/cs\/cinnost\/"},{"@type":"ListItem","position":3,"name":"Personalistika"}]},{"@type":"WebSite","@id":"https:\/\/www.ariete-group.eu\/cs\/#website","url":"https:\/\/www.ariete-group.eu\/cs\/","name":"Plastic Injection Moulding | Manufacturing Custom Solutions","description":"Automotive Components Manufacturing,  production assembly, and Logistics. Tool design, development and Manufacturing","potentialAction":[{"@type":"SearchAction","target":{"@type":"EntryPoint","urlTemplate":"https:\/\/www.ariete-group.eu\/cs\/?s={search_term_string}"},"query-input":{"@type":"PropertyValueSpecification","valueRequired":true,"valueName":"search_term_string"}}],"inLanguage":"cs"}]}},"_links":{"self":[{"href":"https:\/\/www.ariete-group.eu\/cs\/wp-json\/wp\/v2\/pages\/1629","targetHints":{"allow":["GET"]}}],"collection":[{"href":"https:\/\/www.ariete-group.eu\/cs\/wp-json\/wp\/v2\/pages"}],"about":[{"href":"https:\/\/www.ariete-group.eu\/cs\/wp-json\/wp\/v2\/types\/page"}],"author":[{"embeddable":true,"href":"https:\/\/www.ariete-group.eu\/cs\/wp-json\/wp\/v2\/users\/2"}],"replies":[{"embeddable":true,"href":"https:\/\/www.ariete-group.eu\/cs\/wp-json\/wp\/v2\/comments?post=1629"}],"version-history":[{"count":0,"href":"https:\/\/www.ariete-group.eu\/cs\/wp-json\/wp\/v2\/pages\/1629\/revisions"}],"up":[{"embeddable":true,"href":"https:\/\/www.ariete-group.eu\/cs\/wp-json\/wp\/v2\/pages\/1595"}],"wp:attachment":[{"href":"https:\/\/www.ariete-group.eu\/cs\/wp-json\/wp\/v2\/media?parent=1629"}],"curies":[{"name":"wp","href":"https:\/\/api.w.org\/{rel}","templated":true}]}}