{"id":2221,"date":"2025-03-21T10:23:30","date_gmt":"2025-03-21T10:23:30","guid":{"rendered":"https:\/\/www.ariete-group.eu\/kariera\/"},"modified":"2025-10-06T06:44:11","modified_gmt":"2025-10-06T06:44:11","slug":"kariera","status":"publish","type":"page","link":"https:\/\/www.ariete-group.eu\/cs\/kariera\/","title":{"rendered":"Kari\u00e9ra"},"content":{"rendered":"\n\n  <div class=\"banner has-hover\" id=\"banner-1249917744\">\n          <div class=\"banner-inner fill\">\n        <div class=\"banner-bg fill\" >\n            <img loading=\"lazy\" decoding=\"async\" width=\"1400\" height=\"350\" src=\"https:\/\/www.ariete-group.eu\/wp-content\/uploads\/2025\/03\/ariete_group_careers_new_01.webp\" class=\"bg attachment-original size-original\" alt=\"\" \/>                                    \n                    <\/div>\n\t\t\n        <div class=\"banner-layers container\">\n            <div class=\"fill banner-link\"><\/div>            \n\n\n        <\/div>\n      <\/div>\n\n            \n<style>\n#banner-1249917744 {\n  padding-top: 250px;\n}\n#banner-1249917744 .banner-bg img {\n  object-position: 60% 28%;\n}\n<\/style>\n  <\/div>\n\n\n\n\t<section class=\"section\" id=\"section_1295362249\">\n\t\t<div class=\"section-bg fill\" >\n\t\t\t\t\t\t\t\t\t\n\t\t\t\n\n\t\t<\/div>\n\n\t\t\n\n\t\t<div class=\"section-content relative\">\n\t\t\t\n\n<div class=\"row\"  id=\"row-793295817\">\n\n\n\t<div id=\"col-522509794\" class=\"col small-12 large-12\"  >\n\t\t\t\t<div class=\"col-inner\"  >\n\t\t\t\n\t\t\t\n\n\n\n<span><span><a href=\"https:\/\/www.ariete-group.eu\/cs\/\">Home<\/a><\/span><\/span>\n\n\n\t\t<\/div>\n\t\t\t\t\t<\/div>\n\n\t\n\n\t<div id=\"col-1382397651\" class=\"col mass-divider small-12 large-12\"  >\n\t\t\t\t<div class=\"col-inner\"  >\n\t\t\t\n\t\t\t\n\n\t<div id=\"text-2534385570\" class=\"text\">\n\t\t\n\n<h2>Kari\u00e9ra<\/h2>\n\t\t\n<style>\n#text-2534385570 {\n  font-size: 2.1rem;\n  color: rgb(128, 222, 255);\n}\n#text-2534385570 > * {\n  color: rgb(128, 222, 255);\n}\n<\/style>\n\t<\/div>\n\t\n<div class=\"is-divider divider clearfix\" style=\"max-width:420px;background-color:rgb(128, 222, 255);\"><\/div>\n\n\n\t\t<\/div>\n\t\t\t\t\t<\/div>\n\n\t\n\n\t<div id=\"col-886896679\" class=\"col small-12 large-12\"  >\n\t\t\t\t<div class=\"col-inner\"  >\n\t\t\t\n\t\t\t\n\n\t<div id=\"stack-3917155955\" class=\"stack stack-row justify-center items-stretch sm:stack-col\">\n\t\t\n\n<a href=\"https:\/\/www.jobs.bg\/company\/192561\/jobs\" target=\"_blank\" class=\"button success is-large custom-btn-des\" rel=\"noopener\"  >\n\t\t<span>Otev\u0159en\u00e9 pozice Haskovo<\/span>\n\t<\/a>\n\n\n<a href=\"https:\/\/www.jobs.bg\/company\/250225\/jobs\" target=\"_blank\" class=\"button success is-large custom-btn-des\" rel=\"noopener\"  >\n\t\t<span>Otev\u0159en\u00e9 pozice Pazardzhik &amp; Smolyan<\/span>\n\t<\/a>\n\n\n\n\t\t\n<style>\n#stack-3917155955 > * {\n  --stack-gap: 2.5rem;\n}\n<\/style>\n\t<\/div>\n\t\n\n\t\t<\/div>\n\t\t\t\t\n<style>\n#col-886896679 > .col-inner {\n  margin: 0px 0px 50px 0px;\n}\n<\/style>\n\t<\/div>\n\n\t\n\n<\/div>\n\n\t\t<\/div>\n\n\t\t\n<style>\n#section_1295362249 {\n  padding-top: 30px;\n  padding-bottom: 30px;\n}\n<\/style>\n\t<\/section>\n\t\n\n\t<section class=\"section\" id=\"section_1471973969\">\n\t\t<div class=\"section-bg fill\" >\n\t\t\t\t\t\t\t\t\t\n\t\t\t\n\n\t\t<\/div>\n\n\t\t\n\n\t\t<div class=\"section-content relative\">\n\t\t\t\n\n\t<div id=\"gap-571209091\" class=\"gap-element clearfix\" style=\"display:block; height:auto;\">\n\t\t\n<style>\n#gap-571209091 {\n  padding-top: 30px;\n}\n<\/style>\n\t<\/div>\n\t\n\n<div class=\"row\"  id=\"row-419135412\">\n\n\n\t<div id=\"col-391870237\" class=\"col medium-12 small-12 large-8\"  >\n\t\t\t\t<div class=\"col-inner\"  >\n\t\t\t\n\t\t\t\n\n\t<div class=\"img has-hover x md-x lg-x y md-y lg-y\" id=\"image_1010781576\">\n\t\t<a class=\"image-lightbox lightbox-gallery\" title=\"\" href=\"https:\/\/www.ariete-group.eu\/wp-content\/uploads\/2024\/05\/haskovo_uvod_10.webp\">\t\t\t\t\t\t<div class=\"img-inner dark\" >\n\t\t\t<img loading=\"lazy\" decoding=\"async\" width=\"1280\" height=\"720\" src=\"https:\/\/www.ariete-group.eu\/wp-content\/uploads\/2024\/05\/haskovo_uvod_10.webp\" class=\"attachment-original size-original\" alt=\"\" srcset=\"https:\/\/www.ariete-group.eu\/wp-content\/uploads\/2024\/05\/haskovo_uvod_10.webp 1280w, https:\/\/www.ariete-group.eu\/wp-content\/uploads\/2024\/05\/haskovo_uvod_10-300x169.webp 300w, https:\/\/www.ariete-group.eu\/wp-content\/uploads\/2024\/05\/haskovo_uvod_10-1024x576.webp 1024w, https:\/\/www.ariete-group.eu\/wp-content\/uploads\/2024\/05\/haskovo_uvod_10-768x432.webp 768w\" sizes=\"auto, (max-width: 1280px) 100vw, 1280px\" \/>\t\t\t\t\t\t\n\t\t\t\t\t<\/div>\n\t\t\t\t\t\t<\/a>\t\t\n<style>\n#image_1010781576 {\n  width: 100%;\n}\n<\/style>\n\t<\/div>\n\t\n\n\n\t\t<\/div>\n\t\t\t\t\t<\/div>\n\n\t\n\n<\/div>\n<div class=\"row align-right\"  id=\"row-1080463613\">\n\n\n\t<div id=\"col-1025421920\" class=\"col medium-5 small-12 large-6\"  >\n\t\t\t\t<div class=\"col-inner text-center\" style=\"background-color:rgb(255,255,255);\" >\n\t\t\t\n\t<div class=\"is-border\"\n\t\tstyle=\"border-color:rgb(128, 222, 255);border-radius:17px;border-width:0px 0px 0px 5px;\">\n\t<\/div>\n\t\t\t\n\n\t<div id=\"text-2140509340\" class=\"text\">\n\t\t\n\n<h2>Ariete Kari\u00e9ra<\/h2>\n\t\t\n<style>\n#text-2140509340 {\n  font-size: 1.3rem;\n  color: #060e2d;\n}\n#text-2140509340 > * {\n  color: #060e2d;\n}\n<\/style>\n\t<\/div>\n\t\n\t<div id=\"text-2149826910\" class=\"text\">\n\t\t\n\n<p>V\u00e1\u0161 talent je hnac\u00ed silou na\u0161eho \u00fasp\u011bchu <\/br>P\u0159ipojte se Ariete Group<\/p>\n\t\t\n<style>\n#text-2149826910 {\n  font-size: 1.35rem;\n  color: #060e2d;\n}\n#text-2149826910 > * {\n  color: #060e2d;\n}\n<\/style>\n\t<\/div>\n\t\n\n\t\t<\/div>\n\t\t\t\t\n<style>\n#col-1025421920 > .col-inner {\n  padding: 8% 8% 5% 8%;\n  margin: -390px 0px 0px 0px;\n  border-radius: 17px;\n}\n<\/style>\n\t<\/div>\n\n\t\n\n<\/div>\n<div class=\"row\"  id=\"row-1316018923\">\n\n\n\t<div id=\"col-1186292890\" class=\"col small-12 large-12\"  >\n\t\t\t\t<div class=\"col-inner\" style=\"background-color:rgb(255,255,255);\" >\n\t\t\t\n\t\t\t\n\n\t<div id=\"text-1662388580\" class=\"text\">\n\t\t\n\n<p>Ve skupin\u011b Ariete v\u011b\u0159\u00edme, \u017ee na\u0161\u00ed nejv\u011bt\u0161\u00ed silou jsou na\u0161i lid\u00e9. Proto se v\u011bnujeme investic\u00edm do va\u0161eho r\u016fstu, rozvoje a spokojenosti. Jako jeden z p\u0159edn\u00edch pr\u016fmyslov\u00fdch zam\u011bstnavatel\u016f v zemi nab\u00edz\u00edme stabiln\u00ed pracovn\u00ed prost\u0159ed\u00ed, spravedliv\u00e9 uzn\u00e1n\u00ed va\u0161\u00ed pr\u00e1ce a mo\u017enost ovlivnit automobilov\u00fd trh v cel\u00e9 Evrop\u011b.<\/p>\n<p>P\u0159ipojen\u00edm se k n\u00e1m se stanete sou\u010d\u00e1st\u00ed t\u00fdmu, kter\u00fd prosperuje na inovac\u00edch, spolupr\u00e1ci a excelenci. Nab\u00edz\u00edme individu\u00e1ln\u00ed p\u0159\u00edle\u017eitosti k profesn\u00edmu rozvoji, kter\u00e9 v\u00e1m umo\u017en\u00ed dos\u00e1hnout va\u0161eho pln\u00e9ho potenci\u00e1lu a dos\u00e1hnout \u00fasp\u011bchu \u2013 nejen pro spole\u010dnost, ale i pro v\u00e1s samotn\u00e9.<\/p>\n<p>Objevte pracovi\u0161t\u011b, kde na va\u0161em talentu skute\u010dn\u011b z\u00e1le\u017e\u00ed. Spole\u010dn\u011b utv\u00e1\u0159ejme budoucnost mobility.<\/p>\n\t\t\n<style>\n#text-1662388580 {\n  font-size: 1.3rem;\n  color: #060e2d;\n}\n#text-1662388580 > * {\n  color: #060e2d;\n}\n<\/style>\n\t<\/div>\n\t\n\n\t\t<\/div>\n\t\t\t\t\n<style>\n#col-1186292890 > .col-inner {\n  padding: 8% 8% 5% 8%;\n  border-radius: 17px;\n}\n<\/style>\n\t<\/div>\n\n\t\n\n<\/div>\n\n\t\t<\/div>\n\n\t\t\n<style>\n#section_1471973969 {\n  padding-top: 30px;\n  padding-bottom: 30px;\n}\n@media (min-width:550px) {\n  #section_1471973969 {\n    padding-top: 10px;\n    padding-bottom: 10px;\n  }\n}\n<\/style>\n\t<\/section>\n\t\n\n","protected":false},"excerpt":{"rendered":"","protected":false},"author":2,"featured_media":0,"parent":0,"menu_order":0,"comment_status":"closed","ping_status":"closed","template":"page-blank.php","meta":{"footnotes":""},"class_list":["post-2221","page","type-page","status-publish","hentry"],"yoast_head":"<!-- This site is optimized with the Yoast SEO plugin v26.6 - https:\/\/yoast.com\/wordpress\/plugins\/seo\/ -->\n<title>Ariete Kari\u00e9ra - Zak\u00e1zkov\u00e1 v\u00fdroba vst\u0159ikov\u00e1n\u00ed plast\u016f<\/title>\n<meta name=\"description\" content=\"Objevte pracovi\u0161t\u011b, kde na va\u0161em talentu skute\u010dn\u011b z\u00e1le\u017e\u00ed. Poj\u010fme spole\u010dn\u011b utv\u00e1\u0159et budoucnost mobility. P\u0159ipojte se k na\u0161emu t\u00fdmu pro inovace, spolupr\u00e1ci\" \/>\n<meta name=\"robots\" content=\"index, follow, max-snippet:-1, max-image-preview:large, max-video-preview:-1\" \/>\n<link rel=\"canonical\" href=\"https:\/\/www.ariete-group.eu\/cs\/kariera\/\" \/>\n<meta property=\"og:locale\" content=\"cs_CZ\" \/>\n<meta property=\"og:type\" content=\"article\" \/>\n<meta property=\"og:title\" content=\"Ariete Kari\u00e9ra - Zak\u00e1zkov\u00e1 v\u00fdroba vst\u0159ikov\u00e1n\u00ed plast\u016f\" \/>\n<meta property=\"og:description\" content=\"Objevte pracovi\u0161t\u011b, kde na va\u0161em talentu skute\u010dn\u011b z\u00e1le\u017e\u00ed. Poj\u010fme spole\u010dn\u011b utv\u00e1\u0159et budoucnost mobility. P\u0159ipojte se k na\u0161emu t\u00fdmu pro inovace, spolupr\u00e1ci\" \/>\n<meta property=\"og:url\" content=\"https:\/\/www.ariete-group.eu\/cs\/kariera\/\" \/>\n<meta property=\"og:site_name\" content=\"Plastic Injection Moulding | Manufacturing Custom Solutions\" \/>\n<meta property=\"article:modified_time\" content=\"2025-10-06T06:44:11+00:00\" \/>\n<meta name=\"twitter:card\" content=\"summary_large_image\" \/>\n<meta name=\"twitter:label1\" content=\"Odhadovan\u00e1 doba \u010dten\u00ed\" \/>\n\t<meta name=\"twitter:data1\" content=\"2 minuty\" \/>\n<script type=\"application\/ld+json\" class=\"yoast-schema-graph\">{\"@context\":\"https:\/\/schema.org\",\"@graph\":[{\"@type\":\"WebPage\",\"@id\":\"https:\/\/www.ariete-group.eu\/cs\/kariera\/\",\"url\":\"https:\/\/www.ariete-group.eu\/cs\/kariera\/\",\"name\":\"Ariete Kari\u00e9ra - Zak\u00e1zkov\u00e1 v\u00fdroba vst\u0159ikov\u00e1n\u00ed plast\u016f\",\"isPartOf\":{\"@id\":\"https:\/\/www.ariete-group.eu\/cs\/#website\"},\"datePublished\":\"2025-03-21T10:23:30+00:00\",\"dateModified\":\"2025-10-06T06:44:11+00:00\",\"description\":\"Objevte pracovi\u0161t\u011b, kde na va\u0161em talentu skute\u010dn\u011b z\u00e1le\u017e\u00ed. Poj\u010fme spole\u010dn\u011b utv\u00e1\u0159et budoucnost mobility. P\u0159ipojte se k na\u0161emu t\u00fdmu pro inovace, spolupr\u00e1ci\",\"breadcrumb\":{\"@id\":\"https:\/\/www.ariete-group.eu\/cs\/kariera\/#breadcrumb\"},\"inLanguage\":\"cs\",\"potentialAction\":[{\"@type\":\"ReadAction\",\"target\":[\"https:\/\/www.ariete-group.eu\/cs\/kariera\/\"]}]},{\"@type\":\"BreadcrumbList\",\"@id\":\"https:\/\/www.ariete-group.eu\/cs\/kariera\/#breadcrumb\",\"itemListElement\":[{\"@type\":\"ListItem\",\"position\":1,\"name\":\"Home\",\"item\":\"https:\/\/www.ariete-group.eu\/cs\/\"},{\"@type\":\"ListItem\",\"position\":2,\"name\":\"Kari\u00e9ra\"}]},{\"@type\":\"WebSite\",\"@id\":\"https:\/\/www.ariete-group.eu\/cs\/#website\",\"url\":\"https:\/\/www.ariete-group.eu\/cs\/\",\"name\":\"Plastic Injection Moulding | Manufacturing Custom Solutions\",\"description\":\"Automotive Components Manufacturing,  production assembly, and Logistics. Tool design, development and Manufacturing\",\"potentialAction\":[{\"@type\":\"SearchAction\",\"target\":{\"@type\":\"EntryPoint\",\"urlTemplate\":\"https:\/\/www.ariete-group.eu\/cs\/?s={search_term_string}\"},\"query-input\":{\"@type\":\"PropertyValueSpecification\",\"valueRequired\":true,\"valueName\":\"search_term_string\"}}],\"inLanguage\":\"cs\"}]}<\/script>\n<!-- \/ Yoast SEO plugin. -->","yoast_head_json":{"title":"Ariete Kari\u00e9ra - Zak\u00e1zkov\u00e1 v\u00fdroba vst\u0159ikov\u00e1n\u00ed plast\u016f","description":"Objevte pracovi\u0161t\u011b, kde na va\u0161em talentu skute\u010dn\u011b z\u00e1le\u017e\u00ed. Poj\u010fme spole\u010dn\u011b utv\u00e1\u0159et budoucnost mobility. P\u0159ipojte se k na\u0161emu t\u00fdmu pro inovace, spolupr\u00e1ci","robots":{"index":"index","follow":"follow","max-snippet":"max-snippet:-1","max-image-preview":"max-image-preview:large","max-video-preview":"max-video-preview:-1"},"canonical":"https:\/\/www.ariete-group.eu\/cs\/kariera\/","og_locale":"cs_CZ","og_type":"article","og_title":"Ariete Kari\u00e9ra - Zak\u00e1zkov\u00e1 v\u00fdroba vst\u0159ikov\u00e1n\u00ed plast\u016f","og_description":"Objevte pracovi\u0161t\u011b, kde na va\u0161em talentu skute\u010dn\u011b z\u00e1le\u017e\u00ed. Poj\u010fme spole\u010dn\u011b utv\u00e1\u0159et budoucnost mobility. P\u0159ipojte se k na\u0161emu t\u00fdmu pro inovace, spolupr\u00e1ci","og_url":"https:\/\/www.ariete-group.eu\/cs\/kariera\/","og_site_name":"Plastic Injection Moulding | Manufacturing Custom Solutions","article_modified_time":"2025-10-06T06:44:11+00:00","twitter_card":"summary_large_image","twitter_misc":{"Odhadovan\u00e1 doba \u010dten\u00ed":"2 minuty"},"schema":{"@context":"https:\/\/schema.org","@graph":[{"@type":"WebPage","@id":"https:\/\/www.ariete-group.eu\/cs\/kariera\/","url":"https:\/\/www.ariete-group.eu\/cs\/kariera\/","name":"Ariete Kari\u00e9ra - Zak\u00e1zkov\u00e1 v\u00fdroba vst\u0159ikov\u00e1n\u00ed plast\u016f","isPartOf":{"@id":"https:\/\/www.ariete-group.eu\/cs\/#website"},"datePublished":"2025-03-21T10:23:30+00:00","dateModified":"2025-10-06T06:44:11+00:00","description":"Objevte pracovi\u0161t\u011b, kde na va\u0161em talentu skute\u010dn\u011b z\u00e1le\u017e\u00ed. Poj\u010fme spole\u010dn\u011b utv\u00e1\u0159et budoucnost mobility. P\u0159ipojte se k na\u0161emu t\u00fdmu pro inovace, spolupr\u00e1ci","breadcrumb":{"@id":"https:\/\/www.ariete-group.eu\/cs\/kariera\/#breadcrumb"},"inLanguage":"cs","potentialAction":[{"@type":"ReadAction","target":["https:\/\/www.ariete-group.eu\/cs\/kariera\/"]}]},{"@type":"BreadcrumbList","@id":"https:\/\/www.ariete-group.eu\/cs\/kariera\/#breadcrumb","itemListElement":[{"@type":"ListItem","position":1,"name":"Home","item":"https:\/\/www.ariete-group.eu\/cs\/"},{"@type":"ListItem","position":2,"name":"Kari\u00e9ra"}]},{"@type":"WebSite","@id":"https:\/\/www.ariete-group.eu\/cs\/#website","url":"https:\/\/www.ariete-group.eu\/cs\/","name":"Plastic Injection Moulding | Manufacturing Custom Solutions","description":"Automotive Components Manufacturing,  production assembly, and Logistics. Tool design, development and Manufacturing","potentialAction":[{"@type":"SearchAction","target":{"@type":"EntryPoint","urlTemplate":"https:\/\/www.ariete-group.eu\/cs\/?s={search_term_string}"},"query-input":{"@type":"PropertyValueSpecification","valueRequired":true,"valueName":"search_term_string"}}],"inLanguage":"cs"}]}},"_links":{"self":[{"href":"https:\/\/www.ariete-group.eu\/cs\/wp-json\/wp\/v2\/pages\/2221","targetHints":{"allow":["GET"]}}],"collection":[{"href":"https:\/\/www.ariete-group.eu\/cs\/wp-json\/wp\/v2\/pages"}],"about":[{"href":"https:\/\/www.ariete-group.eu\/cs\/wp-json\/wp\/v2\/types\/page"}],"author":[{"embeddable":true,"href":"https:\/\/www.ariete-group.eu\/cs\/wp-json\/wp\/v2\/users\/2"}],"replies":[{"embeddable":true,"href":"https:\/\/www.ariete-group.eu\/cs\/wp-json\/wp\/v2\/comments?post=2221"}],"version-history":[{"count":2,"href":"https:\/\/www.ariete-group.eu\/cs\/wp-json\/wp\/v2\/pages\/2221\/revisions"}],"predecessor-version":[{"id":2446,"href":"https:\/\/www.ariete-group.eu\/cs\/wp-json\/wp\/v2\/pages\/2221\/revisions\/2446"}],"wp:attachment":[{"href":"https:\/\/www.ariete-group.eu\/cs\/wp-json\/wp\/v2\/media?parent=2221"}],"curies":[{"name":"wp","href":"https:\/\/api.w.org\/{rel}","templated":true}]}}